{"id":716,"date":"2024-12-24T15:57:44","date_gmt":"2024-12-24T14:57:44","guid":{"rendered":"https:\/\/aessfg.fr\/?page_id=716"},"modified":"2024-12-24T16:35:45","modified_gmt":"2024-12-24T15:35:45","slug":"seminaire-de-soissons","status":"publish","type":"page","link":"https:\/\/aessfg.fr\/?page_id=716","title":{"rendered":"S\u00e9minaire de SOISSONS"},"content":{"rendered":"\n<details class=\"wp-block-details is-layout-flow wp-block-details-is-layout-flow\"><summary>L\u2019AESSFG\u00a0 est entr\u00e9e en relation avec la Direction de l\u2019Etablissement du Grand S\u00e9minaire de Soissons, situ\u00e9e rue de la Congr\u00e9gation par l\u2019interm\u00e9diaire de son Pr\u00e9sident,\u00a0 Arnaud Leroy, qui y a effectu\u00e9 une partie de sa scolarit\u00e9.<br>Le Grand S\u00e9minaire pr\u00e9sente \u00e0 l\u2019arri\u00e8re du b\u00e2timent une grande \u00e9tendue champ\u00eatre avec une butte arbor\u00e9e ou des niveaux fossilif\u00e8res \u00a0rep\u00e9r\u00e9s par Arnaud Leroy y affleuraient jadis.\u00a0 La r\u00e9alisation d\u2019une coupe g\u00e9ologique permit de d\u00e9couvrir des d\u00e9p\u00f4ts fluviatiles et marins de l\u2019\u00e9tage Sparnacien uniques \u00a0dans le Soissonnais.<br>L\u2019AESSFG apr\u00e8s \u00e9tude de ces niveaux, a propos\u00e9 l\u2019apposition d\u2019un panneau p\u00e9dagogique \u00e0 destination du grand public, partag\u00e9 en trois parties\u00a0:<br>&#8211; Une pr\u00e9sentation de l\u2019\u00e9tage Sparnacien dans son \u00e9tendue\u00a0 r\u00e9gionale et sa situation dans l\u2019\u00e9chelle des temps fossilif\u00e8res (Base de l\u2019Ypr\u00e9sien)\u00a0;<br>&#8211; Une coupe stratigraphique pr\u00e9sentant les diff\u00e9rents niveaux fossilif\u00e8res apparents dans la coupe g\u00e9ologique\u00a0visible sur le site\u00a0;<br>&#8211; Une vue des principaux \u00e9l\u00e9ments pal\u00e9ontologiques d\u00e9couverts dans ces niveaux avec une interpr\u00e9tation de leur milieu de vie et leur provenance probable.<\/summary>\n<p><\/p>\n<\/details>\n\n\n\n<figure class=\"wp-block-image\"><img loading=\"lazy\" decoding=\"async\" width=\"2560\" height=\"1784\" src=\"https:\/\/aessfg.fr\/wp-content\/uploads\/2024\/10\/Panneau-Seminaire4-Low-scaled.jpg\" alt=\"\" class=\"wp-image-711\" srcset=\"https:\/\/aessfg.fr\/wp-content\/uploads\/2024\/10\/Panneau-Seminaire4-Low-scaled.jpg 2560w, https:\/\/aessfg.fr\/wp-content\/uploads\/2024\/10\/Panneau-Seminaire4-Low-300x209.jpg 300w, https:\/\/aessfg.fr\/wp-content\/uploads\/2024\/10\/Panneau-Seminaire4-Low-1024x713.jpg 1024w, https:\/\/aessfg.fr\/wp-content\/uploads\/2024\/10\/Panneau-Seminaire4-Low-768x535.jpg 768w, https:\/\/aessfg.fr\/wp-content\/uploads\/2024\/10\/Panneau-Seminaire4-Low-1536x1070.jpg 1536w, https:\/\/aessfg.fr\/wp-content\/uploads\/2024\/10\/Panneau-Seminaire4-Low-2048x1427.jpg 2048w\" sizes=\"auto, (max-width: 2560px) 100vw, 2560px\" \/><\/figure>\n\n\n\n<p>La coupe a \u00e9t\u00e9 am\u00e9nag\u00e9e par la Direction du Grand S\u00e9minaire et se pr\u00e9sente aujourd&rsquo;hui comme ci-dessous\u00a0:<\/p>\n\n\n\n<figure class=\"wp-block-image size-large is-resized\"><a href=\"http:\/\/aessfg.fr\/wp-content\/uploads\/2024\/12\/IMG_6210-scaled.jpg\"><img loading=\"lazy\" decoding=\"async\" width=\"1024\" height=\"768\" src=\"http:\/\/aessfg.fr\/wp-content\/uploads\/2024\/12\/IMG_6210-1024x768.jpg\" alt=\"\" class=\"wp-image-725\" style=\"width:800px;height:auto\" srcset=\"https:\/\/aessfg.fr\/wp-content\/uploads\/2024\/12\/IMG_6210-1024x768.jpg 1024w, https:\/\/aessfg.fr\/wp-content\/uploads\/2024\/12\/IMG_6210-300x225.jpg 300w, https:\/\/aessfg.fr\/wp-content\/uploads\/2024\/12\/IMG_6210-768x576.jpg 768w, https:\/\/aessfg.fr\/wp-content\/uploads\/2024\/12\/IMG_6210-1536x1152.jpg 1536w, https:\/\/aessfg.fr\/wp-content\/uploads\/2024\/12\/IMG_6210-2048x1536.jpg 2048w\" sizes=\"auto, (max-width: 1024px) 100vw, 1024px\" \/><\/a><\/figure>\n\n\n\n<p><\/p>\n\n\n\n<p><\/p>\n\n\n\n<p><\/p>\n","protected":false},"excerpt":{"rendered":"<p>La coupe a \u00e9t\u00e9 am\u00e9nag\u00e9e par la Direction du Grand S\u00e9minaire et se pr\u00e9sente aujourd&rsquo;hui comme ci-dessous\u00a0:<\/p>\n","protected":false},"author":2,"featured_media":0,"parent":0,"menu_order":0,"comment_status":"closed","ping_status":"closed","template":"","meta":{"footnotes":""},"class_list":["post-716","page","type-page","status-publish","hentry"],"_links":{"self":[{"href":"https:\/\/aessfg.fr\/index.php?rest_route=\/wp\/v2\/pages\/716","targetHints":{"allow":["GET"]}}],"collection":[{"href":"https:\/\/aessfg.fr\/index.php?rest_route=\/wp\/v2\/pages"}],"about":[{"href":"https:\/\/aessfg.fr\/index.php?rest_route=\/wp\/v2\/types\/page"}],"author":[{"embeddable":true,"href":"https:\/\/aessfg.fr\/index.php?rest_route=\/wp\/v2\/users\/2"}],"replies":[{"embeddable":true,"href":"https:\/\/aessfg.fr\/index.php?rest_route=%2Fwp%2Fv2%2Fcomments&post=716"}],"version-history":[{"count":10,"href":"https:\/\/aessfg.fr\/index.php?rest_route=\/wp\/v2\/pages\/716\/revisions"}],"predecessor-version":[{"id":733,"href":"https:\/\/aessfg.fr\/index.php?rest_route=\/wp\/v2\/pages\/716\/revisions\/733"}],"wp:attachment":[{"href":"https:\/\/aessfg.fr\/index.php?rest_route=%2Fwp%2Fv2%2Fmedia&parent=716"}],"curies":[{"name":"wp","href":"https:\/\/api.w.org\/{rel}","templated":true}]}}