{"id":7,"date":"2015-08-02T21:58:51","date_gmt":"2015-08-02T19:58:51","guid":{"rendered":"http:\/\/aessfg.fr\/v2\/?page_id=7"},"modified":"2023-01-08T18:45:26","modified_gmt":"2023-01-08T17:45:26","slug":"cuise-la-motte","status":"publish","type":"page","link":"https:\/\/aessfg.fr\/?page_id=7","title":{"rendered":"CUISE LA MOTTE"},"content":{"rendered":"\n<div class=\"wp-block-columns is-layout-flex wp-container-core-columns-is-layout-9d6595d7 wp-block-columns-is-layout-flex\">\n<div class=\"wp-block-column is-layout-flow wp-block-column-is-layout-flow\" style=\"flex-basis:100%\">\n<h1 class=\"has-text-align-center wp-block-heading\"><span style=\"color: #003366;\">&nbsp;<\/span><br><span style=\"color: #003366;\"> <strong>Le G\u00e9osite de Cuise-la-Motte<\/strong><\/span><\/h1>\n<\/div>\n<\/div>\n\n\n\n<div class=\"wp-block-columns is-layout-flex wp-container-core-columns-is-layout-9d6595d7 wp-block-columns-is-layout-flex\">\n<div class=\"wp-block-column is-layout-flow wp-block-column-is-layout-flow\" style=\"flex-basis:66.66%\"><\/div>\n\n\n\n<div class=\"wp-block-column is-layout-flow wp-block-column-is-layout-flow\"><\/div>\n\n\n\n<div class=\"wp-block-column is-layout-flow wp-block-column-is-layout-flow\" style=\"flex-basis:33.33%\"><\/div>\n<\/div>\n\n\n\n<p class=\"has-text-align-center\"><span style=\"color: #003366;\"><strong>En f\u00e9vrier 2013, l\u2019AESSFG, forte de son exp\u00e9rience sur le site dit du \u00ab\u00a0Gu\u00e9pelle\u00a0\u00bb \u00e0 Saint-Witz (95), d\u00e9cide de mener les d\u00e9marches de mise en valeur et d\u2019\u00e9tudes du site connu comme le stratotype du Cuisien : <\/strong><\/span><\/p>\n\n\n\n<p>       <span style=\"color: #003366;\"><strong>l&rsquo;ancienne sabli\u00e8re situ\u00e9e \u00e0 la Butte des Usages \u00e0 Cuise-la-Motte<\/strong>.<\/span><\/p>\n\n\n\n<p class=\"has-text-align-center\"><span style=\"color: #003366;\">M\u00eame si le Cuisien est aujourd&rsquo;hui englob\u00e9 dans l\u2019\u00e9tage Ypr\u00e9sien, il n\u2019en demeure pas moins que le site de Cuise reste l\u2019\u00e9talon g\u00e9ologique visible et \u00e9tudiable pour ce niveau, le g\u00e9osite de Cuise La Motte repr\u00e9sente bien le stratotype Cuisien, sous \u00e9tage r\u00e9gional de l&rsquo;Ypr\u00e9sien.<\/span><\/p>\n\n\n\n<p class=\"has-text-align-center\"><span style=\"color: #003366;\">Une convention avec la Communaut\u00e9 de Communes des Lisi\u00e8res de l\u2019Oise (CCLO) a donc \u00e9t\u00e9 sign\u00e9e. L\u2019AESSFG est charg\u00e9e alors de d\u00e9terminer un ensemble de coupes g\u00e9ologiques qui montrent la succession des d\u00e9p\u00f4ts fossilif\u00e8res remplissant un \u00ab&nbsp;pal\u00e9o-chenal&nbsp;\u00bb, circonscrit \u00e0 la r\u00e9gion de Cuise. 5 coupes \u00e9tag\u00e9es en suivant l\u2019actuel parcours de d\u00e9couverte du g\u00e9osite, sont d\u00e9termin\u00e9es puis ouvertes par les membres de l\u2019AESSFG entre 2014 et 2017.<\/span><\/p>\n\n\n\n<p class=\"has-text-align-center\"><span style=\"color: #003366;\">Entre mars 2019 et Juillet 2019, l\u2019AESSFG, r\u00e9uni un Comit\u00e9 Scientifique et en partenariat avec la CCLO travaillent \u00e0 l\u2019interpr\u00e9tation des d\u00e9p\u00f4ts s\u00e9dimentaires, afin de rendre compr\u00e9hensible par un large public, les coupes g\u00e9ologiques pr\u00e9sent\u00e9es. Ce travail a abouti \u00e0 la r\u00e9alisation de panneaux p\u00e9dagogiques comprenant la mod\u00e9lisation g\u00e9ologique et bio-stratigraphique des 5 coupes, un bloc diagramme du pal\u00e9o-chenal, des reconstitutions pal\u00e9o-\u00e9cologiques des deux faci\u00e8s principaux, celui de Cuise et de Pierrefonds.<\/span><\/p>\n\n\n\n<p class=\"has-text-align-center\"><span style=\"color: #003366;\"><strong>L\u2019inauguration du g\u00e9osite et son ouverture au public ont \u00e9t\u00e9 r\u00e9alis\u00e9es le <em>12 octobre 2019.<\/em><\/strong><\/span><\/p>\n\n\n\n<p class=\"has-text-align-center\"><span style=\"color: #003366;\">L\u2019\u00e9tude des s\u00e9diments du site et de son contenu pal\u00e9ontologique ont permis d\u2019affiner les connaissances des particularit\u00e9s \u00e9cologiques des milieux tropicaux \u00e0 subtropicaux existants \u00e0 Cuise-la-Motte, il y 50 millions d\u2019ann\u00e9es environ.<\/span><\/p>\n\n\n\n<p class=\"has-text-align-center\"><span style=\"color: #003366;\">Les comp\u00e9tences acquises, en techniques et suivis d\u2019illustrations, en m\u00e9diation scientifique, l\u2019approfondissement des connaissances pal\u00e9ontologiques syst\u00e9matiques et pal\u00e9o-\u00e9cologiques. en passant par les \u00e9tapes de suivi de chantiers et des diff\u00e9rents Copils, auront permis aux \u00e9quipes d\u00e9di\u00e9es \u00e0 l\u2019&nbsp;\u00e9laboration du projet Cuise et plus g\u00e9n\u00e9ralement aux membres de l\u2019AESSFG, de pouvoir envisager de d\u00e9velopper d\u2019autres projets similaires.<\/span><\/p>\n\n\n\n<p class=\"has-text-align-center\"><span style=\"color: #003366;\">Pour autant l\u2019\u00e9tude du site prendra encore de nombreuses ann\u00e9es, mais aura d\u00e9j\u00e0 permis dans sa phase pr\u00e9paratoire de mieux cerner les particularit\u00e9s g\u00e9ologiques et pal\u00e9ontologiques du stratotype historique de l\u2019\u00e9tage Cuisien.<\/span><\/p>\n\n\n\n<div class=\"wp-block-columns is-layout-flex wp-container-core-columns-is-layout-9d6595d7 wp-block-columns-is-layout-flex\">\n<div class=\"wp-block-column is-layout-flow wp-block-column-is-layout-flow\" style=\"flex-basis:66.66%\">\n<p class=\"has-text-align-right\">Lien :<\/p>\n<\/div>\n\n\n\n<div class=\"wp-block-column is-layout-flow wp-block-column-is-layout-flow\" style=\"flex-basis:33.33%\">\n<p class=\"has-text-align-center has-green-color has-text-color\" style=\"font-size:18px\"><strong><em>H<a href=\"http:\/\/aessfg.fr\/?page_id=234\" data-type=\"URL\" data-id=\"http:\/\/aessfg.fr\/?page_id=234\">istorique de la sabli\u00e8re de la Butte des Usages<\/a><\/em><\/strong><\/p>\n<\/div>\n<\/div>\n\n\n\n<p class=\"has-text-align-center\"><span style=\"color: #003366;\"><strong><em>Quelques photos du G\u00e9osite de la Butte des usages ouvert au public <\/em><\/strong><\/span><\/p>\n\n\n\n<figure class=\"wp-block-image\"><img decoding=\"async\" src=\"http:\/\/aessfg.fr\/v2\/wp-content\/uploads\/2020\/04\/Gloriette-1024x768.jpg\" alt=\"L\u2019attribut alt de cette image est vide, son nom de fichier est Gloriette-1024x768.jpg.\"\/><\/figure>\n\n\n\n<p class=\"has-text-align-center\"><span style=\"color: #003366;\"><strong>Vue de l&rsquo;entr\u00e9e du g\u00e9osite de Cuise la Motte<\/strong><\/span><\/p>\n\n\n\n<figure class=\"wp-block-image\"><img decoding=\"async\" src=\"http:\/\/aessfg.fr\/v2\/wp-content\/uploads\/2020\/04\/Coupe-A-Cuise-Preparation-1-1-1024x768.jpg\" alt=\"L\u2019attribut alt de cette image est vide, son nom de fichier est Coupe-A-Cuise-Preparation-1-1-1024x768.jpg.\"\/><\/figure>\n\n\n\n<p class=\"has-text-align-center\"><span style=\"color: #003366;\"><strong>Ancienne carri\u00e8re<\/strong><\/span><\/p>\n\n\n\n<figure class=\"wp-block-image\"><img decoding=\"async\" src=\"http:\/\/aessfg.fr\/v2\/wp-content\/uploads\/2020\/04\/20180526_155232-768x1024.jpg\" alt=\"L\u2019attribut alt de cette image est vide, son nom de fichier est 20180526_155232-768x1024.jpg.\"\/><\/figure>\n\n\n\n<p class=\"has-text-align-center\"><span style=\"color: #003366;\"><strong>Vue de la coupe N\u00b0 4<\/strong><\/span><\/p>\n\n\n\n<p><\/p>\n\n\n\n<figure class=\"wp-block-image\"><img decoding=\"async\" src=\"http:\/\/aessfg.fr\/v2\/wp-content\/uploads\/2020\/04\/inau-02-1024x768.jpg\" alt=\"L\u2019attribut alt de cette image est vide, son nom de fichier est inau-02-1024x768.jpg.\"\/><\/figure>\n\n\n\n<p class=\"has-text-align-center\"><span style=\"color: #003366;\"><strong>Pr\u00e9sentation de la coupe 4 par notre Pr\u00e9sident A Leroy lors de l&rsquo;inauguration <\/strong><\/span><\/p>\n\n\n\n<p><\/p>\n\n\n\n<figure class=\"wp-block-image\"><img decoding=\"async\" src=\"http:\/\/aessfg.fr\/v2\/wp-content\/uploads\/2020\/04\/Velates-Cuise-2014-coupe-A-premier-niveau-de-cuise-1024x768.jpg\" alt=\"L\u2019attribut alt de cette image est vide, son nom de fichier est Velates-Cuise-2014-coupe-A-premier-niveau-de-cuise-1024x768.jpg.\"\/><\/figure>\n\n\n\n<p class=\"has-text-align-center\"><span style=\"color: #003366;\"><strong>D\u00e9tails des stratifications avec coquillages apparent<\/strong><\/span><\/p>\n\n\n\n<p><\/p>\n\n\n\n<figure class=\"wp-block-image\"><img decoding=\"async\" src=\"http:\/\/aessfg.fr\/v2\/wp-content\/uploads\/2020\/04\/Cuise-1989-Coupe-E-panel-mollusques-2-1024x768.jpg\" alt=\"L\u2019attribut alt de cette image est vide, son nom de fichier est Cuise-1989-Coupe-E-panel-mollusques-2-1024x768.jpg.\"\/><\/figure>\n\n\n\n<p class=\"has-text-align-center\"><span style=\"color: #003366;\"><strong>Contenu d&rsquo;un tamis apr\u00e8s lavage du s\u00e9diment<\/strong><\/span><\/p>\n\n\n\n<p><\/p>\n\n\n\n<figure class=\"wp-block-image\"><img decoding=\"async\" src=\"http:\/\/aessfg.fr\/v2\/wp-content\/uploads\/2020\/04\/Coupe-B-2-Cuise-Preparation-2-1024x768.jpg\" alt=\"L\u2019attribut alt de cette image est vide, son nom de fichier est Coupe-B-2-Cuise-Preparation-2-1024x768.jpg.\"\/><\/figure>\n\n\n\n<p class=\"has-text-align-center\"><span style=\"color: #003366;\"><strong>Nettoyage d&rsquo;une coupe par les membres de l&rsquo;AESSFG<\/strong><\/span><\/p>\n\n\n\n<p><\/p>\n\n\n\n<figure class=\"wp-block-image\"><img decoding=\"async\" src=\"http:\/\/aessfg.fr\/v2\/wp-content\/uploads\/2020\/04\/01-Site-Internet--1024x768.jpg\" alt=\"L\u2019attribut alt de cette image est vide, son nom de fichier est 01-Site-Internet--1024x768.jpg.\"\/><\/figure>\n\n\n\n<p class=\"has-text-align-center\"><span style=\"color: #003366;\"><strong>D\u00e9tails de la surface de contact du niveau dit de \u00ab\u00a0Pierrefonds\u00a0\u00bb avec le niveau classique de Cuise la Motte (mire = 10 cm)<\/strong><\/span><\/p>\n\n\n\n<p> <\/p>\n\n\n\n<p><\/p>\n","protected":false},"excerpt":{"rendered":"<p>&nbsp; Le G\u00e9osite de Cuise-la-Motte En f\u00e9vrier 2013, l\u2019AESSFG, forte de son exp\u00e9rience sur le site dit du \u00ab\u00a0Gu\u00e9pelle\u00a0\u00bb \u00e0 Saint-Witz (95), d\u00e9cide de mener les d\u00e9marches de mise en valeur et d\u2019\u00e9tudes du site connu comme le stratotype du Cuisien : l&rsquo;ancienne sabli\u00e8re situ\u00e9e \u00e0 la Butte des Usages \u00e0 Cuise-la-Motte. M\u00eame si le &hellip; <a href=\"https:\/\/aessfg.fr\/?page_id=7\" class=\"more-link\">Continuer la lecture de <span class=\"screen-reader-text\">CUISE LA MOTTE<\/span>  <span class=\"meta-nav\">&rarr;<\/span><\/a><\/p>\n","protected":false},"author":2,"featured_media":300,"parent":0,"menu_order":0,"comment_status":"closed","ping_status":"open","template":"","meta":{"footnotes":""},"class_list":["post-7","page","type-page","status-publish","has-post-thumbnail","hentry"],"_links":{"self":[{"href":"https:\/\/aessfg.fr\/index.php?rest_route=\/wp\/v2\/pages\/7","targetHints":{"allow":["GET"]}}],"collection":[{"href":"https:\/\/aessfg.fr\/index.php?rest_route=\/wp\/v2\/pages"}],"about":[{"href":"https:\/\/aessfg.fr\/index.php?rest_route=\/wp\/v2\/types\/page"}],"author":[{"embeddable":true,"href":"https:\/\/aessfg.fr\/index.php?rest_route=\/wp\/v2\/users\/2"}],"replies":[{"embeddable":true,"href":"https:\/\/aessfg.fr\/index.php?rest_route=%2Fwp%2Fv2%2Fcomments&post=7"}],"version-history":[{"count":46,"href":"https:\/\/aessfg.fr\/index.php?rest_route=\/wp\/v2\/pages\/7\/revisions"}],"predecessor-version":[{"id":622,"href":"https:\/\/aessfg.fr\/index.php?rest_route=\/wp\/v2\/pages\/7\/revisions\/622"}],"wp:featuredmedia":[{"embeddable":true,"href":"https:\/\/aessfg.fr\/index.php?rest_route=\/wp\/v2\/media\/300"}],"wp:attachment":[{"href":"https:\/\/aessfg.fr\/index.php?rest_route=%2Fwp%2Fv2%2Fmedia&parent=7"}],"curies":[{"name":"wp","href":"https:\/\/api.w.org\/{rel}","templated":true}]}}