{"id":618,"date":"2023-01-08T18:47:02","date_gmt":"2023-01-08T17:47:02","guid":{"rendered":"http:\/\/aessfg.fr\/?page_id=618"},"modified":"2023-06-04T21:16:08","modified_gmt":"2023-06-04T19:16:08","slug":"inventaire-des-bivalvia-et-gastropoda-recoltes-sur-le-geosite-de-cuise-dans-les-sables-de-cuise-s-s","status":"publish","type":"page","link":"https:\/\/aessfg.fr\/?page_id=618","title":{"rendered":"Inventaire des Bivalvia et Gastropoda r\u00e9colt\u00e9s sur le G\u00e9osite de Cuise, dans les                               Sables de Cuise"},"content":{"rendered":"\n<p class=\"has-text-color\" style=\"color:#325e8f\">S\u00e9lectionn\u00e9e en 2021 dans le cadre d&rsquo;un Appel \u00e0 Projet \u00ab\u00a0Contribution \u00e0 la connaissance naturaliste\u00a0\u00bb de l&rsquo;Inventaire National du Patrimoine Naturel,&nbsp;support\u00e9 par&nbsp;PatriNat, service commun de l&rsquo;OFB, du CNRS et du MNHN, L\u2019association pour l\u2019Etude et la Sauvegarde des Sites Fossilif\u00e8res et G\u00e9ologiques (AESSFG) a entrepris l\u2019inventaire et la photographie des Bivalvia et Gastropoda r\u00e9colt\u00e9s par les membres de l\u2019association dans les Sables de Cuise s. s., du g\u00e9osite de Cuise-La-Motte (Oise), action coordonn\u00e9e par Xavier Vrinat.<\/p>\n\n\n\n<p class=\"has-text-color\" style=\"color:#325e8f\">Plusieurs listes des mollusques r\u00e9colt\u00e9s \u00ab&nbsp;\u00e0 Cuise-La-Motte&nbsp;\u00bb ont \u00e9t\u00e9 publi\u00e9es par d\u2019anciens auteurs (Melleville, Furon &amp; Soyer, Feugueur, \u2026), bas\u00e9es essentiellement sur des signalements ant\u00e9rieurs. D\u2019autres peuvent \u00eatre compil\u00e9es aujourd\u2019hui \u00e0 partir des travaux d\u2019anciens malacologues tels que Deshayes et Cossmann. Dans le premier cas, les identifications sont parfois douteuses, en tout cas inv\u00e9rifiables, et l\u2019on assiste \u00e0 une multiplication des taxa dans certains genres, qui parait improbable. Dans les deux cas, la provenance g\u00e9ographique et stratigraphique des sp\u00e9cimens reste sujette \u00e0 caution. En effet, plusieurs gisements historiques, en particulier le Fond Couturier et les Gorges du Han, se trouvent \u00e9galement sur la commune de Cuise. Par ailleurs on rencontre \u00e9galement les sables fossilif\u00e8res de l\u2019Horizon de Pierrefonds sur tous ces sites.<\/p>\n\n\n\n<p class=\"has-text-color\" style=\"color:#325e8f\">L\u2019originalit\u00e9 de la d\u00e9marche entreprise par l\u2019association r\u00e9side donc essentiellement dans la certitude que les sp\u00e9cimens examin\u00e9s proviennent bien des Sables de Cuise s.s. et du g\u00e9osite stratotype du Cuisien, situ\u00e9 entre le centre de Cuise-La-Motte et le hameau de La Montagne, ainsi que dans la mise \u00e0 disposition sur internet, d\u2019une iconographie de qualit\u00e9 permettant de v\u00e9rifier les identifications propos\u00e9es par l\u2019AESSFG.<\/p>\n\n\n\n<p class=\"has-text-color\" style=\"color:#325e8f\">La premi\u00e8re \u00e9tape de ce travail a consist\u00e9 \u00e0 rassembler les informations provenant des anciens auteurs et les signalements effectu\u00e9s par les membres de l\u2019association. Nous avons ensuite effectu\u00e9 un rapprochement entre toutes ses informations, en tenant compte des travaux publi\u00e9s sur le sujet, en particulier ceux de Le Renard et Pacaud en 1995, mis \u00e0 jour partiellement par d\u2019autres auteurs (Pacaud, Merle, Vermeij et d\u2019autres) depuis lors, afin d\u2019\u00e9liminer les doublons. La liste ainsi obtenue a \u00e9t\u00e9 ensuite mise \u00e0 jour pour la syst\u00e9matique en suivant principalement les informations disponibles sur : <strong><a href=\"https:\/\/molluscabase.org\/\">https:\/\/molluscabase.org\/<\/a>. <\/strong><\/p>\n\n\n\n<p class=\"has-text-color\" style=\"color:#325e8f\"><strong>Le r\u00e9sultat est une liste compil\u00e9e de 179 Bivalvia et 398 Gastropoda<\/strong><\/p>\n\n\n\n<p class=\"has-text-color\" style=\"color:#325e8f\">En ce qui concerne les Bivalvia, ce nombre de 179 correspond \u00e0 la presque totalit\u00e9 des esp\u00e8ces connues au Cuisien, ce qui parait irr\u00e9aliste pour le seul g\u00e9osite, m\u00eame si la pr\u00e9sence conjointe du faci\u00e8s de Cuise et de l\u2019Horizon de Pierrefonds augmente logiquement le nombre d\u2019esp\u00e8ces potentiellement pr\u00e9sentes. Il appara\u00eet d\u2019une fa\u00e7on g\u00e9n\u00e9rale, comme exag\u00e9r\u00e9ment important. Notre exp\u00e9rience sur les diff\u00e9rents sites cuisiens que nous avons pu \u00e9tudier en d\u00e9tail montre qu\u2019ils ne fournissent g\u00e9n\u00e9ralement qu\u2019une cinquantaine d\u2019esp\u00e8ces de cette classe.<\/p>\n\n\n\n<p class=\"has-text-color\" style=\"color:#325e8f\">Quand on examine la liste obtenue plus en d\u00e9tail, certains genres ou familles paraissent sur-repr\u00e9sent\u00e9s. Pour exemple 4 <em>Barbatia <\/em>(<em>Barbatia exornata <\/em>(Deshayes, 1858)&nbsp;;<em> Barbatia gervaisi <\/em>(Bayan, 1873)&nbsp;; <em>Barbatia modioliformis <\/em>(Deshayes, 1829)&nbsp;;<em> Barbatia morieri<\/em> (Deshayes, 1858), ce dernier \u00e9tant a priori sp\u00e9cifique \u00e0 l\u2019Horizon de Pierrefonds), quatre <em>Mytilidae<\/em> (<em>Brachidontes dutemplei<\/em> (Deshayes, 1858)&nbsp;; <em>Brachidontes levesquei<\/em> (Deshayes, 1858)&nbsp;; <em>Semimodiola hastata<\/em> (Deshayes, 1830)&nbsp;; <em>Septifer serratus<\/em> (Melleville, 1843), ou encore quatre Donacidae, pourtant tr\u00e8s rares sur le site (<em>Donax acutata<\/em> Deshayes, 1856&nbsp;; <em>Donax levesquei<\/em> (d&rsquo;Orbigny, 1850)&nbsp;; <em>Donax nitidus<\/em> (Lamarck, 1806) ; <em>Donax sublaevis<\/em> (Watelet,1853). Cette multiplication des taxa est sans doute due pour partie \u00e0 des erreurs d\u2019identification, ou tout au moins \u00e0 une divergence de vue sur la variabilit\u00e9 des esp\u00e8ces.<\/p>\n\n\n\n<p class=\"has-text-color\" style=\"color:#325e8f\">Une phase importante de notre travail reposait sur une v\u00e9rification coll\u00e9giale (effectu\u00e9e par D. Hugo, J. Le Renard, A. Leroy, J.-L. Marcomini, F. Moreau, B. Pattedoie, X. Vrinat) des esp\u00e8ces signal\u00e9es par nos membres, et par des photographies des sp\u00e9cimens pertinents. Finalement,<strong> 81 esp\u00e8ces de<a href=\"http:\/\/aessfg.fr\/wp-admin\/post.php?post=649&amp;action=edit\"> <\/a><a href=\"http:\/\/aessfg.fr\/?page_id=649(ouvre un nouvel onglet)\" data-type=\"URL\" data-id=\"http:\/\/aessfg.fr\/?page_id=649(ouvre un nouvel onglet)\">Bivalvia<\/a> et 296 Gastropoda<\/strong> ont \u00e9t\u00e9 retenues et illustr\u00e9es (travail encore en cours sur les Gastropoda, nombre d\u00e9finitif \u00e0 confirmer).<\/p>\n\n\n\n<p class=\"has-text-color\" style=\"color:#325e8f\">Concernant les Bivalvia, ce nombre de 81 nous parait plus r\u00e9aliste que les 179 esp\u00e8ces signal\u00e9es globalement. Il repr\u00e9sente cependant une surprise positive par rapport \u00e0 la cinquantaine d\u2019esp\u00e8ces que nous attendions.<\/p>\n\n\n\n<p class=\"has-text-color\" style=\"color:#325e8f\">Il est probable que ces listes seront encore amen\u00e9es \u00e0 \u00e9voluer dans le futur. D\u2019une part si d\u2019autres esp\u00e8ces sont retrouv\u00e9es ult\u00e9rieurement (ce qui est tr\u00e8s probable, un grand nombre d\u2019esp\u00e8ces \u00e9tant tr\u00e8s rares, souvent repr\u00e9sent\u00e9es par un ou deux sp\u00e9cimens, r\u00e9colt\u00e9es par un seul de nos membres). D\u2019autre part, car il est vraisemblable que des erreurs d\u2019identification se soient gliss\u00e9es dans notre travail, m\u00eame si nous avons pu b\u00e9n\u00e9ficier, particuli\u00e8rement pour les Gastropoda, de la collaboration d\u2019un sp\u00e9cialiste reconnu, en la personne de Jacques Le Renard. Nous invitons les personnes qui d\u00e9tecteraient une telle erreur \u00e0 bien vouloir nous la signaler, pour qu\u2019elle puisse \u00eatre corrig\u00e9e.<\/p>\n\n\n\n<p class=\"has-text-color\" style=\"color:#325e8f\">Cet inventaire est pr\u00e9sent\u00e9 sur la page suivante&nbsp;:<\/p>\n\n\n\n<p><\/p>\n\n\n\n<ul class=\"wp-block-list\">\n<li><strong><a href=\"http:\/\/aessfg.fr\/?page_id=649(ouvre un nouvel onglet)\" data-type=\"URL\" data-id=\"http:\/\/aessfg.fr\/?page_id=649(ouvre un nouvel onglet)\">Iconographie de l&rsquo;inventaire des fossiles de Cuise La Motte\u00a0<\/a><\/strong><\/li>\n<\/ul>\n\n\n\n<p class=\"has-text-color\" style=\"color:#325e8f\"><strong>Nos remerciements vont \u00e0 Gr\u00e9goire Egoroff, Sylvie Chevallier et Marie Di Simone pour leur soutien bienveillant lors de l\u2019ex\u00e9cution de ce projet.<\/strong><\/p>\n\n\n\n<p class=\"has-text-color\" style=\"color:#325e8f\"><strong>Les planches photographiques ont \u00e9t\u00e9 r\u00e9alis\u00e9es par Delphin Hugo, John Laporte et Xavier Vrinat.<\/strong><\/p>\n\n\n\n<p class=\"has-text-color\" style=\"color:#325e8f\"><strong>Les collections contributrices sont celles de Herv\u00e9 Dineur, Delphin Hugo, John Laporte, Arnaud Leroy, Fabrice Moreau, Bernard Pattedoie et Xavier Vrinat.<\/strong><\/p>\n","protected":false},"excerpt":{"rendered":"<p>S\u00e9lectionn\u00e9e en 2021 dans le cadre d&rsquo;un Appel \u00e0 Projet \u00ab\u00a0Contribution \u00e0 la connaissance naturaliste\u00a0\u00bb de l&rsquo;Inventaire National du Patrimoine Naturel,&nbsp;support\u00e9 par&nbsp;PatriNat, service commun de l&rsquo;OFB, du CNRS et du MNHN, L\u2019association pour l\u2019Etude et la Sauvegarde des Sites Fossilif\u00e8res et G\u00e9ologiques (AESSFG) a entrepris l\u2019inventaire et la photographie des Bivalvia et Gastropoda r\u00e9colt\u00e9s par &hellip; <a href=\"https:\/\/aessfg.fr\/?page_id=618\" class=\"more-link\">Continuer la lecture de <span class=\"screen-reader-text\">Inventaire des Bivalvia et Gastropoda r\u00e9colt\u00e9s sur le G\u00e9osite de Cuise, dans les                               Sables de Cuise<\/span>  <span class=\"meta-nav\">&rarr;<\/span><\/a><\/p>\n","protected":false},"author":2,"featured_media":0,"parent":0,"menu_order":0,"comment_status":"closed","ping_status":"closed","template":"page-templates\/full-width.php","meta":{"footnotes":""},"class_list":["post-618","page","type-page","status-publish","hentry"],"_links":{"self":[{"href":"https:\/\/aessfg.fr\/index.php?rest_route=\/wp\/v2\/pages\/618","targetHints":{"allow":["GET"]}}],"collection":[{"href":"https:\/\/aessfg.fr\/index.php?rest_route=\/wp\/v2\/pages"}],"about":[{"href":"https:\/\/aessfg.fr\/index.php?rest_route=\/wp\/v2\/types\/page"}],"author":[{"embeddable":true,"href":"https:\/\/aessfg.fr\/index.php?rest_route=\/wp\/v2\/users\/2"}],"replies":[{"embeddable":true,"href":"https:\/\/aessfg.fr\/index.php?rest_route=%2Fwp%2Fv2%2Fcomments&post=618"}],"version-history":[{"count":12,"href":"https:\/\/aessfg.fr\/index.php?rest_route=\/wp\/v2\/pages\/618\/revisions"}],"predecessor-version":[{"id":686,"href":"https:\/\/aessfg.fr\/index.php?rest_route=\/wp\/v2\/pages\/618\/revisions\/686"}],"wp:attachment":[{"href":"https:\/\/aessfg.fr\/index.php?rest_route=%2Fwp%2Fv2%2Fmedia&parent=618"}],"curies":[{"name":"wp","href":"https:\/\/api.w.org\/{rel}","templated":true}]}}