{"id":60,"date":"2015-08-03T18:31:08","date_gmt":"2015-08-03T16:31:08","guid":{"rendered":"http:\/\/aessfg.fr\/v2\/?page_id=60"},"modified":"2025-07-18T13:53:01","modified_gmt":"2025-07-18T11:53:01","slug":"contacts","status":"publish","type":"page","link":"https:\/\/aessfg.fr\/?page_id=60","title":{"rendered":"Contacts"},"content":{"rendered":"<h4 style=\"text-align: center;\"><strong><span style=\"color: #003366;\">Vous pouvez joindre l&rsquo;AESSFG \u00e0 cette adresse :<\/span><\/strong><\/h4>\n<h1 style=\"text-align: center;\"><span style=\"color: #003366;\">AESSFG<\/span><\/h1>\n<h3 style=\"text-align: center;\"><span style=\"color: #003366;\">Association pour l\u2019\u00c9tude et la Sauvegarde des Sites Fossilif\u00e8res et G\u00e9ologiques<\/span><br \/>\n<span style=\"color: #003366;\"> 172 Avenue Jacques Vogt<\/span><br \/>\n<span style=\"color: #003366;\">95340 Persan &#8211; FRANCE<\/span><\/h3>\n<p style=\"text-align: center;\"><span style=\"color: #003366;\">Vous pouvez \u00e9galement contacter le Bureau par courriel : <\/span><\/p>\n<h3 style=\"text-align: center;\"><span style=\"color: #003366;\">Arnaud Leroy &#8211; Pr\u00e9sident\u00a0<\/span><\/h3>\n<p style=\"text-align: center;\"><span style=\"color: #003366;\"><em>arnaud.leroy@aessfg.fr<\/em><\/span><\/p>\n<h3 style=\"text-align: center;\"><span style=\"color: #003366;\">Jean-Luc Marcomini<\/span><span style=\"color: #003366;\">\u00a0&#8211; Secr\u00e9taire<\/span><\/h3>\n<p style=\"text-align: center;\"><em><span style=\"color: #003366;\">jean-luc.marcomini@aessfg.fr<\/span><\/em><\/p>\n<h3 style=\"text-align: center;\"><span style=\"color: #003366;\">Delphin Hugo &#8211; Tr\u00e9sorier<\/span><\/h3>\n<p style=\"text-align: center;\"><span style=\"color: #003366;\"><em>delphin.hugo@aessfg.fr<\/em><\/span><\/p>\n<h3 style=\"text-align: center;\"><\/h3>\n<p style=\"text-align: center;\">\n","protected":false},"excerpt":{"rendered":"<p>Vous pouvez joindre l&rsquo;AESSFG \u00e0 cette adresse : AESSFG Association pour l\u2019\u00c9tude et la Sauvegarde des Sites Fossilif\u00e8res et G\u00e9ologiques 172 Avenue Jacques Vogt 95340 Persan &#8211; FRANCE Vous pouvez \u00e9galement contacter le Bureau par courriel : Arnaud Leroy &#8211; Pr\u00e9sident\u00a0 arnaud.leroy@aessfg.fr Jean-Luc Marcomini\u00a0&#8211; Secr\u00e9taire jean-luc.marcomini@aessfg.fr Delphin Hugo &#8211; Tr\u00e9sorier delphin.hugo@aessfg.fr<\/p>\n","protected":false},"author":2,"featured_media":0,"parent":0,"menu_order":0,"comment_status":"closed","ping_status":"open","template":"","meta":{"footnotes":""},"class_list":["post-60","page","type-page","status-publish","hentry"],"_links":{"self":[{"href":"https:\/\/aessfg.fr\/index.php?rest_route=\/wp\/v2\/pages\/60","targetHints":{"allow":["GET"]}}],"collection":[{"href":"https:\/\/aessfg.fr\/index.php?rest_route=\/wp\/v2\/pages"}],"about":[{"href":"https:\/\/aessfg.fr\/index.php?rest_route=\/wp\/v2\/types\/page"}],"author":[{"embeddable":true,"href":"https:\/\/aessfg.fr\/index.php?rest_route=\/wp\/v2\/users\/2"}],"replies":[{"embeddable":true,"href":"https:\/\/aessfg.fr\/index.php?rest_route=%2Fwp%2Fv2%2Fcomments&post=60"}],"version-history":[{"count":11,"href":"https:\/\/aessfg.fr\/index.php?rest_route=\/wp\/v2\/pages\/60\/revisions"}],"predecessor-version":[{"id":781,"href":"https:\/\/aessfg.fr\/index.php?rest_route=\/wp\/v2\/pages\/60\/revisions\/781"}],"wp:attachment":[{"href":"https:\/\/aessfg.fr\/index.php?rest_route=%2Fwp%2Fv2%2Fmedia&parent=60"}],"curies":[{"name":"wp","href":"https:\/\/api.w.org\/{rel}","templated":true}]}}