{"id":54,"date":"2015-08-03T18:24:35","date_gmt":"2015-08-03T16:24:35","guid":{"rendered":"http:\/\/aessfg.fr\/v2\/?page_id=54"},"modified":"2020-05-10T19:21:13","modified_gmt":"2020-05-10T17:21:13","slug":"patrimoine-paleontologique","status":"publish","type":"page","link":"https:\/\/aessfg.fr\/?page_id=54","title":{"rendered":"Patrimoine pal\u00e9ontologique :"},"content":{"rendered":"<p><span style=\"color: #003366;\">1 &#8211; LES ALGUES :<\/span><\/p>\n<p><span style=\"color: #003366;\">&#8211; Les Chlorophyc\u00e9es,<\/span><br \/>\n<span style=\"color: #003366;\"> &#8211; Les Cryptophyc\u00e9e,<\/span><br \/>\n<span style=\"color: #003366;\"> &#8211; Les Chrysophyc\u00e9es,<\/span><br \/>\n<span style=\"color: #003366;\"> &#8211; Les Desmidi\u00e9es <\/span><br \/>\n<span style=\"color: #003366;\"> &#8211; Les Diatom\u00e9es,<\/span><br \/>\n<span style=\"color: #003366;\"> &#8211; Les Dinophyc\u00e9es,<\/span><\/p>\n<p><span style=\"color: #003366;\">2 &#8211; LES ARTHROPODES :<\/span><\/p>\n<p><span style=\"color: #003366;\">&#8211; Les Brachyura (crabes),<\/span><br \/>\n<span style=\"color: #003366;\"> &#8211; Les Ostracodes,<\/span><\/p>\n<p><span style=\"color: #003366;\">3 &#8211; LES BRYOZOAIRES:<\/span><\/p>\n<p><span style=\"color: #003366;\">&#8211; Les Gymnol\u00e8mes (marin),<\/span><br \/>\n<span style=\"color: #003366;\"> &#8211; Les Phylactol\u00e8mes (eau douce),<\/span><br \/>\n<span style=\"color: #003366;\"> &#8211; Les St\u00e9nol\u00e8mes (fossile)<\/span><\/p>\n<p><span style=\"color: #003366;\">4 &#8211; LES MOLLUSQUES :<\/span><\/p>\n<p><span style=\"color: #003366;\">&#8211; Les Bivalves,<\/span><br \/>\n<span style=\"color: #003366;\"> &#8211; Les C\u00e9phalopodes, <\/span><br \/>\n<span style=\"color: #003366;\">&#8211; Les Gast\u00e9ropodes,<\/span><br \/>\n<span style=\"color: #003366;\"> &#8211; Les Scaphopodes<\/span><\/p>\n<p><span style=\"color: #003366;\">5 &#8211; LES CNIDAIRES :<\/span><\/p>\n<p><span style=\"color: #003366;\">&#8211; les Coraux<\/span><\/p>\n<p><span style=\"color: #003366;\">6 &#8211; LES ECHINODERMES :<\/span><\/p>\n<p><span style=\"color: #003366;\">&#8211; Les Ast\u00e9ro\u00efdea (\u00e9toiles de mer) <\/span><br \/>\n<span style=\"color: #003366;\"> &#8211; Les Echinoidea (oursins) <\/span><br \/>\n<span style=\"color: #003366;\"> &#8211; Les Holothuroidea (holothuries ou concombres de mer)<\/span><br \/>\n<span style=\"color: #003366;\"> &#8211; Les Ophiuroidea (ophiures) <\/span><br \/>\n<span style=\"color: #003366;\"> &#8211; Les Crinoidea (crino\u00efdes ou lys de mer)<\/span><\/p>\n<p><span style=\"color: #003366;\">7 &#8211; LES PROTOZOAIRES :<\/span><br \/>\n<span style=\"color: #003366;\">&#8211; Les Foraminif\u00e8res<\/span><\/p>\n<p><span style=\"color: #003366;\">8 &#8211; LES VERTEBRES :<\/span><br \/>\n<span style=\"color: #003366;\">&#8211; Les Poissons osseux,<\/span><br \/>\n<span style=\"color: #003366;\"> &#8211; Les Reptiles,<\/span><br \/>\n<span style=\"color: #003366;\"> &#8211; Les S\u00e9laciens,<\/span><\/p>\n","protected":false},"excerpt":{"rendered":"<p>1 &#8211; LES ALGUES : &#8211; Les Chlorophyc\u00e9es, &#8211; Les Cryptophyc\u00e9e, &#8211; Les Chrysophyc\u00e9es, &#8211; Les Desmidi\u00e9es &#8211; Les Diatom\u00e9es, &#8211; Les Dinophyc\u00e9es, 2 &#8211; LES ARTHROPODES : &#8211; Les Brachyura (crabes), &#8211; Les Ostracodes, 3 &#8211; LES BRYOZOAIRES: &#8211; Les Gymnol\u00e8mes (marin), &#8211; Les Phylactol\u00e8mes (eau douce), &#8211; Les St\u00e9nol\u00e8mes (fossile) 4 &#8211; LES &hellip; <a href=\"https:\/\/aessfg.fr\/?page_id=54\" class=\"more-link\">Continuer la lecture de <span class=\"screen-reader-text\">Patrimoine pal\u00e9ontologique :<\/span>  <span class=\"meta-nav\">&rarr;<\/span><\/a><\/p>\n","protected":false},"author":2,"featured_media":362,"parent":0,"menu_order":0,"comment_status":"closed","ping_status":"open","template":"","meta":{"footnotes":""},"class_list":["post-54","page","type-page","status-publish","has-post-thumbnail","hentry"],"_links":{"self":[{"href":"https:\/\/aessfg.fr\/index.php?rest_route=\/wp\/v2\/pages\/54","targetHints":{"allow":["GET"]}}],"collection":[{"href":"https:\/\/aessfg.fr\/index.php?rest_route=\/wp\/v2\/pages"}],"about":[{"href":"https:\/\/aessfg.fr\/index.php?rest_route=\/wp\/v2\/types\/page"}],"author":[{"embeddable":true,"href":"https:\/\/aessfg.fr\/index.php?rest_route=\/wp\/v2\/users\/2"}],"replies":[{"embeddable":true,"href":"https:\/\/aessfg.fr\/index.php?rest_route=%2Fwp%2Fv2%2Fcomments&post=54"}],"version-history":[{"count":1,"href":"https:\/\/aessfg.fr\/index.php?rest_route=\/wp\/v2\/pages\/54\/revisions"}],"predecessor-version":[{"id":56,"href":"https:\/\/aessfg.fr\/index.php?rest_route=\/wp\/v2\/pages\/54\/revisions\/56"}],"wp:featuredmedia":[{"embeddable":true,"href":"https:\/\/aessfg.fr\/index.php?rest_route=\/wp\/v2\/media\/362"}],"wp:attachment":[{"href":"https:\/\/aessfg.fr\/index.php?rest_route=%2Fwp%2Fv2%2Fmedia&parent=54"}],"curies":[{"name":"wp","href":"https:\/\/api.w.org\/{rel}","templated":true}]}}