{"id":5,"date":"2015-08-02T21:13:26","date_gmt":"2015-08-02T19:13:26","guid":{"rendered":"http:\/\/aessfg.fr\/v2\/?page_id=5"},"modified":"2020-12-23T16:44:15","modified_gmt":"2020-12-23T15:44:15","slug":"le-guepelle","status":"publish","type":"page","link":"https:\/\/aessfg.fr\/?page_id=5","title":{"rendered":"LE GUEPELLE"},"content":{"rendered":"<table border=\"0\" width=\"560\" cellspacing=\"0\" cellpadding=\"0\">\n<tbody>\n<tr>\n<td class=\"pageHeader Style7\" style=\"text-align: center;\">\n<h1>\u00a0LE SITE DU GUEPELLE<\/h1>\n<\/td>\n<\/tr>\n<tr>\n<td class=\"bodyText\">\n<h3 style=\"text-align: center;\">\u00a0<\/h3>\n<h5><img decoding=\"async\" src=\"http:\/\/aessfg.fr\/wp-content\/uploads\/2020\/05\/DSC07389-1024x768.jpg\" \/><\/h5>\n<h5 style=\"text-align: center;\">Vue des am\u00e9nagements en cours par le Conseil D\u00e9partemental du Val d&rsquo;Oise : R\u00e9alisation de 6 coupes g\u00e9ologiques (2019) dans l&rsquo;\u00e9tage g\u00e9ologique du Bartonien inf\u00e9rieur (Eoc\u00e8ne)<\/h5>\n<h6 class=\"Style14\" style=\"text-align: left;\">Vous trouverez ci-apr\u00e8s :<\/h6>\n<h2 style=\"text-align: center;\"><a href=\"http:\/\/aessfg.fr\/v2\/wp-content\/uploads\/2020\/04\/guepelle-resum\u00e9-aps-version-site-internet.pdf\"><strong>La Pr\u00e9sentation et situation de l&rsquo;Espace Naturel Sensible du Gu\u00e9pelle :<\/strong><\/a><\/h2>\n<p>\u00a0<\/p>\n<p style=\"text-align: left;\"><strong>et dans le futur :<\/strong><\/p>\n<h4 style=\"text-align: center;\"><span style=\"color: #339966;\">Les coupes g\u00e9ologiques<\/span><\/h4>\n<p><img loading=\"lazy\" decoding=\"async\" class=\"\" src=\"http:\/\/aessfg.fr\/wp-content\/uploads\/2020\/05\/coupe120306leguepelle-008-768x1024.jpg\" width=\"453\" height=\"604\" \/><\/p>\n<h3>\u00a0<\/h3>\n<h3 style=\"text-align: center;\"><strong><a href=\"http:\/\/aessfg.fr\/v2\/?page_id=54\">L&rsquo; inventaire pal\u00e9ontologique<\/a><\/strong><\/h3>\n<p><img loading=\"lazy\" decoding=\"async\" class=\"aligncenter\" src=\"http:\/\/aessfg.fr\/wp-content\/uploads\/2020\/05\/athletat-strombiformis-1024x768.jpg\" width=\"388\" height=\"291\" \/><\/p>\n<h3>\u00a0<\/h3>\n<h3 style=\"text-align: center;\"><strong><a href=\"http:\/\/aessfg.fr\/v2\/?page_id=57\">L&rsquo;inventaire de la flore et la faune actuelle<\/a><\/strong><\/h3>\n<p>\u00a0<\/p>\n<h3 style=\"text-align: center;\"><strong><a href=\"http:\/\/aessfg.fr\/v2\/?page_id=100\">L&rsquo;historique des actions de l&rsquo;AESSFG en vu de la sauvegarde et protection du site g\u00e9ologique<\/a><\/strong><\/h3>\n<\/td>\n<\/tr>\n<\/tbody>\n<\/table>\n\n\n<figure class=\"wp-block-image\"><img decoding=\"async\" src=\"http:\/\/aessfg.fr\/wp-content\/uploads\/2020\/04\/2012-09-Poster-Gu%C3%A9pelle-AESSFG-2012-09-pdf-723x1024.jpg\" alt=\"\"\/><\/figure>\n","protected":false},"excerpt":{"rendered":"<p>\u00a0LE SITE DU GUEPELLE \u00a0 Vue des am\u00e9nagements en cours par le Conseil D\u00e9partemental du Val d&rsquo;Oise : R\u00e9alisation de 6 coupes g\u00e9ologiques (2019) dans l&rsquo;\u00e9tage g\u00e9ologique du Bartonien inf\u00e9rieur (Eoc\u00e8ne) Vous trouverez ci-apr\u00e8s : La Pr\u00e9sentation et situation de l&rsquo;Espace Naturel Sensible du Gu\u00e9pelle : \u00a0 et dans le futur : Les coupes g\u00e9ologiques &hellip; <a href=\"https:\/\/aessfg.fr\/?page_id=5\" class=\"more-link\">Continuer la lecture de <span class=\"screen-reader-text\">LE GUEPELLE<\/span>  <span class=\"meta-nav\">&rarr;<\/span><\/a><\/p>\n","protected":false},"author":2,"featured_media":352,"parent":0,"menu_order":0,"comment_status":"closed","ping_status":"open","template":"","meta":{"footnotes":""},"class_list":["post-5","page","type-page","status-publish","has-post-thumbnail","hentry"],"_links":{"self":[{"href":"https:\/\/aessfg.fr\/index.php?rest_route=\/wp\/v2\/pages\/5","targetHints":{"allow":["GET"]}}],"collection":[{"href":"https:\/\/aessfg.fr\/index.php?rest_route=\/wp\/v2\/pages"}],"about":[{"href":"https:\/\/aessfg.fr\/index.php?rest_route=\/wp\/v2\/types\/page"}],"author":[{"embeddable":true,"href":"https:\/\/aessfg.fr\/index.php?rest_route=\/wp\/v2\/users\/2"}],"replies":[{"embeddable":true,"href":"https:\/\/aessfg.fr\/index.php?rest_route=%2Fwp%2Fv2%2Fcomments&post=5"}],"version-history":[{"count":28,"href":"https:\/\/aessfg.fr\/index.php?rest_route=\/wp\/v2\/pages\/5\/revisions"}],"predecessor-version":[{"id":475,"href":"https:\/\/aessfg.fr\/index.php?rest_route=\/wp\/v2\/pages\/5\/revisions\/475"}],"wp:featuredmedia":[{"embeddable":true,"href":"https:\/\/aessfg.fr\/index.php?rest_route=\/wp\/v2\/media\/352"}],"wp:attachment":[{"href":"https:\/\/aessfg.fr\/index.php?rest_route=%2Fwp%2Fv2%2Fmedia&parent=5"}],"curies":[{"name":"wp","href":"https:\/\/api.w.org\/{rel}","templated":true}]}}