{"id":456,"date":"2020-12-22T08:44:33","date_gmt":"2020-12-22T07:44:33","guid":{"rendered":"http:\/\/aessfg.fr\/?page_id=456"},"modified":"2026-04-19T18:35:23","modified_gmt":"2026-04-19T16:35:23","slug":"publications-scientifiques-des-membres-de-l-aessfg","status":"publish","type":"page","link":"https:\/\/aessfg.fr\/?page_id=456","title":{"rendered":"contributions scientifiques des membres de l&rsquo; aessfg"},"content":{"rendered":"\n<p class=\"has-text-align-center has-text-color\" style=\"color:#100953\"><\/p>\n\n\n\n<p class=\"has-text-align-center has-text-color has-medium-font-size\" style=\"color:#100953\"><strong>Contributions scientifiques des membres de l\u2019Association<\/strong><\/p>\n\n\n\n<p class=\"has-text-align-center has-text-color\" style=\"color:#100953\">Outre par ses travaux sur le terrain, la r\u00e9putation scientifique de l\u2019association tient \u00e9galement aux activit\u00e9s de plusieurs membres dans le domaine scientifique. Plusieurs d\u2019entre eux publient r\u00e9guli\u00e8rement dans des revues scientifiques sp\u00e9cialis\u00e9es en Pal\u00e9ontologie, mais aussi dans d\u2019autres domaines scientifiques. Voici un aper\u00e7u de leurs travaux centr\u00e9s principalement sur la pal\u00e9ontologie de l\u2019Eoc\u00e8ne du bassin de Paris. L\u2019int\u00e9gralit\u00e9 de leurs travaux peut \u00eatre retrouv\u00e9e sur leur page \u00ab&nbsp;ResearchGate&nbsp;\u00bb  lorsqu\u2019elle existe.<\/p>\n\n\n\n<p><\/p>\n\n\n\n<p class=\"has-text-align-center has-medium-font-size\"><strong><span style=\"color:#100953\" class=\"has-inline-color\">Olivier Aguerre &#8211; Charriol<\/span><\/strong><\/p>\n\n\n\n<p><strong>(<\/strong><a href=\"https:\/\/www.researchgate.net\/profile\/Olivier_Aguerre-Chariol\"><strong>https:\/\/www.researchgate.net\/profile\/Olivier_Aguerre-Chariol<\/strong><\/a><strong>)<\/strong><\/p>\n\n\n\n<p class=\"has-text-color\" style=\"color:#100953\">DOLIN (L) &amp; AGUERRE (O) &#8211; 2016 &#8211; Les cypraeidae et les Ovulidae (Mollusca : Caenogastropoda) du Cuisien (Ypr\u00e9sien Moyen) du bassin de paris. Cossmanniana 18. (p 3 &#8211; 37).<\/p>\n\n\n\n<p class=\"has-text-color\" style=\"color:#100953\"><br>DOLIN (L) &amp; AGUERRE (O) &#8211; 2018 &#8211; Les CYPRAEIDAE et OVULIDAE (MOLLUSCA, CAENOGASTROPODA) du Bartonien inf\u00e9rieur (\u00c9oc\u00e8ne Moyen) de la Loire\u2010Atlantique (France). Carnets de Voyages Pal\u00e9ontologiques dans le Bassin Anglo\u2010Parisien : Tome 4 Ao\u00fbt 2018, pp. 87\u2010134, sans figs., Pls. 13\u201022, ISBN 978\u20102\u20109538000\u20104\u20103.<\/p>\n\n\n\n<p class=\"has-text-color\" style=\"color:#100953\">DOLIN (L) &amp; AGUERRE (O) &#8211; 2019 &#8211; \u00c9volution morphologique de la coquille chez les ERRONEINAE et les EROSARIINAE (Mollusca, Caenogastropoda, Cypraeoidea) \u00e0 partir des genres Romanekia n. gen. du Lut\u00e9tien sup\u00e9rieur (\u00c9oc\u00e8ne moyen) du Cotentin et Maestratia n. gen. du Rup\u00e9lien (Oligoc\u00e8ne inf\u00e9rieur) de la Chalosse (Landes). Carnets de Voyages Pal\u00e9ontologiques dans le Bassin Anglo-Parisien : Tome 5 &#8211; pp. 141-150, figs. 155-156, pls. 25-26.<\/p>\n\n\n\n<p class=\"has-text-color\" style=\"color:#130954\">AGUERRE (O) &#8211; 2023 : Stratigraphie, s\u00e9dimentologie et pal\u00e9oenvironnements dans le site du Gu\u00e9pelle (Saint-Witz, Val d&rsquo;Oise). Bulletin Inf. G\u00e9ol. Bass. Paris (2023) vol. 60, N\u00b03 p 3-32<\/p>\n\n\n\n<p class=\"has-text-color\" style=\"color:#130954\">DOLIN (L), AGUERRE (O), Vaessen (L) \u2013 2024 \u2013 Les CYPRAEIDAE et les OVULIDAE (Mollusca, Caenogastropoda) du Langhien\/Serravallien (Mioc\u00e8ne Moyen) du Bassin de la Loire (France). Carnets de Voyages Pal\u00e9ontologiques dans le Bassin Anglo-Parisien : Tome 7 Novembre 2024.<\/p>\n\n\n\n<p class=\"has-text-color\" style=\"color:#130954\">AGUERRE (O) &#8211; 2026 &#8211; G\u00e9odiversit\u00e9 et patrimoines d\u2019\u00cele-de-France: chapitre Bartonien.<\/p>\n\n\n\n<p class=\"has-text-color\" style=\"color:#130954\"> MARLOT (L) ; HUYGHE (D) ;  BRIAIS (J) ;  DA\u00caRON (M) ; FLEHOC (C) ; EMMANUEL (L) ; MERLE (D) ; AGUERRE (O) &amp;  LARTAUD (J) &#8211; 2026&nbsp;&#8211; Middle Eocene hyper thermal seasonality from Paris Basin marine mollusks.  2026, Th\u00e8se Palaeogeography Palaeoclimatology Palaeoecology<a href=\"https:\/\/www.researchgate.net\/scientific-contributions\/Loic-Marlot-2336108603\"><\/a><\/p>\n\n\n\n<p><\/p>\n\n\n\n<p><\/p>\n\n\n\n<p class=\"has-text-align-center has-text-color has-medium-font-size\" style=\"color:#100953\"><strong>Olivier Gain<\/strong><\/p>\n\n\n\n<p><strong>(<\/strong><a href=\"https:\/\/www.researchgate.net\/profile\/Olivier_Gain\"><strong>https:\/\/www.researchgate.net\/profile\/Olivier_Gain<\/strong><\/a><strong>)<\/strong><\/p>\n\n\n\n<p class=\"has-text-color\" style=\"color:#100953\">DUGU\u00c9 (O.), LAUTRIDOU (J.-P.), QUESNEL (F.), POUPINET (N.), CLET (M.), CAMUZARD (J.-P.), COUTARD (S.), BOURDILLON (C.), FRESLON (M.), AUFFRET (J.-P.), LAVILLE (E.) &amp; GAIN (O.) &#8211; 2005 &#8211; Le Cotentin du M\u00e9sozo\u00efque au C\u00e9nozo\u00efque. &#8211; Bulletin de l&rsquo;Association des G\u00e9ologues du Bassin Parisien, Journ\u00e9es du 5 au 7 mai 2005, pp. 1-142, 2 annexes.<\/p>\n\n\n\n<p class=\"has-text-color\" style=\"color:#100953\">DUGU\u00c9 (O.), GAIN (O.) &amp; LE RENARD (J.) &#8211; 2012 &#8211; Les fossiles de l&rsquo;\u00c9oc\u00e8ne moyen du Cotentin (Manche, France). I. &#8211; Cadres g\u00e9ologique, lithostratigraphique et pal\u00e9og\u00e9ographique. &#8211; Cossmanniana, Hors-S\u00e9rie n\u00b0 5, pp. 3-26, figs 1-20.<\/p>\n\n\n\n<p class=\"has-text-color\" style=\"color:#100953\">GAIN (O.), LE RENARD (J.) &amp; BELLIARD (L.) &#8211; 2012 &#8211; La Biozone des Faluns de Hautteville-Bocage (\u00c9oc\u00e8ne du Cotentin, France). IV. &#8211; Les Cypr\u00e6oidea (Mollusca, C\u00e6nogastropoda). &#8211; Cossmanniana, Hors-s\u00e9rie n\u00b0 5, pp. 120-203, figs. 120-203 dont 7 pls.<\/p>\n\n\n\n<p class=\"has-text-color\" style=\"color:#100953\">LE RENARD (J.) &amp; GAIN (O.) &#8211; 2012 &#8211; Les fossiles de l&rsquo;\u00c9oc\u00e8ne moyen du Cotentin (Manche, France). II. &#8211; D\u00e9finition de la Biozone des Faluns de Hautteville-Bocage (\u00c9oc\u00e8ne moyen). &#8211; Cossmanniana, Hors-S\u00e9rie n\u00b0 5, pp. 27-170, figs 21-114 dont 30 pls.<\/p>\n\n\n\n<p class=\"has-text-color\" style=\"color:#100953\">LE RENARD (J.) &amp; GAIN (O.) &#8211; 2012 &#8211; Les fossiles des Faluns de Hautteville-Bocage (\u00c9oc\u00e8ne moyen du Cotentin, Manche, France). III. &#8211; Historique des esp\u00e8ces originairement du Cotentin. &#8211; Cossmanniana, Hors-S\u00e9rie n\u00b0 5, pp. 171-198, figs 115-119.<\/p>\n\n\n\n<p class=\"has-text-color\" style=\"color:#100953\">GAIN (O.) &amp; LE RENARD (J.) &#8211; 2017 &#8211; Occurence du genre Coluzea (Mollusca, Gastropoda, Neogastropoda) dans l&rsquo;\u00c9oc\u00e8ne sup\u00e9rieur du Cotentin (Manche, France). &#8211; Carnets de Voyages Pal\u00e9ontologiques dans le Bassin Anglo-Parisien (Association Pal\u00e9ontologique et G\u00e9ologique du Cotentin), T. 3, pp. 57-60, figs. 163-165. &#8211; LRG-\u00c9ditions<\/p>\n\n\n\n<p class=\"has-text-color\" style=\"color:#100953\">SYMONDS (M. F.), GAIN (O.) &amp; BELLIARD (L.) &#8211; 2017 &#8211; New species of NERITIDAE (Mollusca, Gastropoda, Neritomorpha) from the Middle Eocene of the Cotentin (Manche, France). [En anglais]. &#8211; Carnets de Voyages Pal\u00e9ontologiques dans le Bassin Anglo-Parisien (Association Pal\u00e9ontologique et G\u00e9ologique du Cotentin), T. 3, pp. 81-88, figs. 189-199 (pls. 12-13). &#8211; LRG-\u00c9ditions<\/p>\n\n\n\n<p class=\"has-text-color\" style=\"color:#100953\">GAIN (O.), BELLIARD (L.) &amp; LE RENARD (J.) &#8211; 2017 &#8211; La famille des CASSIDAE (Mollusca, Gastropoda, Caenogastropoda) dans l&rsquo;\u00c9oc\u00e8ne moyen du Cotentin (Manche, France). &#8211; Carnets de Voyages Pal\u00e9ontologiques dans le Bassin Anglo-Parisien (Association Pal\u00e9ontologique et G\u00e9ologique du Cotentin), T. 3, pp. 89-112, figs. 200-239 (incl. pl. 14). &#8211; LRG-\u00c9ditions<\/p>\n\n\n\n<p class=\"has-text-color\" style=\"color:#100953\">TRACEY (S.), CRAIG (B.) &amp; GAIN (O.) &#8211; 2019 &#8211; TURRIDAE (Gastropoda, Conoidea) from the late Lutetian Eocene of the Cotentin, NW France : endemism through loss of planktotrophy ? &#8211; Carnets de Voyages Pal\u00e9ontologiques dans le Bassin Anglo-Parisien (Association Pal\u00e9ontologique et G\u00e9ologique du Cotentin), T. 5pp. 101-140, figs. 124-154. [En anglais]. &#8211; LRG-\u00c9ditions<\/p>\n\n\n\n<p><\/p>\n\n\n\n<p class=\"has-text-align-center has-medium-font-size\"><strong>Delphin  HUGO<\/strong><\/p>\n\n\n\n<p class=\"has-text-color\" style=\"color:#100953\">VRINAT (X)&nbsp;; LEROY (A) ; MOREAU (F) &amp; HUGO (D)- 2019 &#8211; Une fen\u00eatre pal\u00e9ontologique remarquable sur le Sparnacien (\u00c9oc\u00e8ne inf\u00e9rieur) \u00e0 Soissons, Aisne, France; Juillet 2025<\/p>\n\n\n\n<p><\/p>\n\n\n\n<p class=\"has-text-align-center has-medium-font-size\"><strong>Herv\u00e9 Lapierre<\/strong> ( )<\/p>\n\n\n\n<p><strong>(<\/strong><a href=\"https:\/\/www.researchgate.net\/profile\/Herve_Lapierre\">https:\/\/www.researchgate.net\/profile\/Herve_Lapierre<\/a><strong>)<\/strong><\/p>\n\n\n\n<p class=\"has-text-color\" style=\"color:#100953\">(Nolf (D.) &amp; Lapierre (H)<a> <\/a>&#8211; 1976 &#8211; Les otolithes de t\u00e9l\u00e9ost\u00e9ens des sables coquilliers du Bois-Gou\u00ebt (Eoc\u00e8ne de Bretagne)<\/p>\n\n\n\n<p class=\"has-text-color\" style=\"color:#100953\">Nolf (D.) &amp; Lapierre (H.) &#8211; 1979 &#8211; Otolithes de poissons nouveaux ou peu connus du Calcaire Grossier et de la formation d\u2019Auvers (Eoc\u00e8ne du Bassin parisien). Bulletin Museum National Histoire Naturelle. Paris. Section C ; n\u00b02 :79-125.<\/p>\n\n\n\n<p class=\"has-text-color\" style=\"color:#100953\">Lapierre (H.) &#8211; 1980 &#8211; Les otolithes de t\u00e9l\u00e9ost\u00e9ens du niveau \u00e0 galets de l\u2019Auversien de Baron&nbsp;; in POMEROL Ch., coord. &#8211; 1980 &#8211; L\u2019Auversien de Baron, Oise &#8211; Bulletin d&rsquo;information des g\u00e9ologues du Bassin de Paris &#8211; Vol.17 N\u00b0 2 &#8211; 1980<\/p>\n\n\n\n<p class=\"has-text-color\" style=\"color:#100953\">Neige (P.), Lapierre (H) &amp; Merle (D) &#8211; 2016 &#8211; New eocene Coleoid (Cephalopoda) diversity from Statolith Remains: taxonomic assignation, fossil record analysis, and new data for calibrating molecular phylogenies. PLoS ONE 11(5)<\/p>\n\n\n\n<p class=\"has-text-align-center has-text-color has-medium-font-size\" style=\"color:#100953\"><strong>Arnaud Leroy<\/strong><\/p>\n\n\n\n<p><strong>(<\/strong><a href=\"https:\/\/www.researchgate.net\/profile\/Arnaud_Leroy3\">https:\/\/www.researchgate.net\/profile\/Arnaud_Leroy3<\/a><strong>)<\/strong><\/p>\n\n\n\n<p class=\"has-text-color\" style=\"color:#100953\">Pacaud (JM) &amp; Leroy (A) &#8211; 2006 &#8211; Nouvelles esp\u00e8ces de Terebellopsis Leymerie, 1846 (Mollusca, Gastropoda, Strombidae) de l\u02bc\u00c9oc\u00e8ne inf\u00e9rieur des Bassins de Paris et d\u02bcAquitaine. Revue de Paleobiologie 25(2) : 633-641<\/p>\n\n\n\n<p class=\"has-text-color\" style=\"color:#100953\">Leroy (A) &amp; al. &#8211; 2014 &#8211; La s\u00e9rie marine du Than\u00e9tien moyen (Formation des Sables de Ch\u00e2lons-sur-Vesle) \u00e0 Cauroy-l\u00e8s-Hermonville (Marne, France). Description et interpr\u00e9tation environnementale de sa s\u00e9dimentation et de sa faune. Cossmanniana, 16 : 3-54, text-fig. 1-20, pl. 1-33<\/p>\n\n\n\n<p class=\"has-text-color\" style=\"color:#100953\">Leroy (A) &#8211; 2018 &#8211; Clavogyra <em>ledeei <\/em>gen. et sp. nov. (MOLLUSCA, NEOGASTROPODA, TURBINELLIDAE) de l\u2019Ypr\u00e9sien du Bassin de Paris. Carnets de Voyages Pal\u00e9ontologiques dans le Bassin Anglo-Parisien. Tome 4&nbsp;; pp. 135-147, fig. 123, pls.23-24<\/p>\n\n\n\n<p class=\"has-text-color\" style=\"color:#100953\">LEROY A. et LEROY J.M. &#8211; 2018 &#8211; Des \u00ab&nbsp;cagnas&nbsp;\u00bb dans les s\u00e9diments meubles de l\u2019Aisne.&nbsp;<em>In&nbsp;<\/em>\u00ab 14-18, La Terre et le Feu. G\u00e9ologie et g\u00e9ologues sur le front occidental \u00bb, Bergerat F. (dir.), co\u00e9ditions AGBP &#8211; COFRHIG\u00c9O &#8211; SGN, M\u00e9m. hors-s\u00e9rie n\u00b010 de l\u2019AGBP, focus, p. 390-391.<br><br>LEROY, (A) &#8211; 2025 &#8211; Description d&rsquo;une nouvelle esp\u00e8ce de Buccinidae : Wrigleya mandilei nov. sp. de l&rsquo;Ypr\u00e9sien, faci\u00e8s cuisien de Saint-Gobain (Aisne), comparaison avec des genres proches. Carnets de Voyages Pal\u00e9ontologiques dans le Bassin Anglo-Parisien. 8: 179-188. page(s): 180, pl. 25 figs 4a-c, 5<\/p>\n\n\n\n<p class=\"has-text-color\" style=\"color:#100953\">VRINAT (X)&nbsp;; LEROY (A) ; MOREAU (F) &amp; HUGO (D)- 2019 &#8211; Une fen\u00eatre pal\u00e9ontologique remarquable sur le Sparnacien (\u00c9oc\u00e8ne inf\u00e9rieur) \u00e0 Soissons, Aisne, France; Juillet 2025<\/p>\n\n\n\n<p class=\"has-text-color\" style=\"color:#100953\"><\/p>\n\n\n\n<p><\/p>\n\n\n\n<p class=\"has-text-align-center has-text-color has-medium-font-size\" style=\"color:#100953\"><strong>Jean-Luc Marcomini<\/strong><\/p>\n\n\n\n<p class=\"has-text-color\" style=\"color:#100953\">Marcomini (J.L) &#8211; 1994 &#8211; La collection L\u00e9on Sylvestre de Sacy (1867-1928). Cossmanniana 3 &#8211; Fascicule 1, pp. 13-29.<\/p>\n\n\n\n<p class=\"has-text-color\" style=\"color:#100953\">Pacaud (J.-M.), Marcomini (J.-L.) &#8211; 1994 &#8211; Pr\u00e9sence d&rsquo;Atrina affinis (Sowerby, 1821) (Mollusca: Bivalvia: Pinnidae), esp\u00e8ce de l&rsquo;Eoc\u00e8ne anglais, dans l&rsquo;Auversien du bassin de Paris &#8211; Cossmanniana, 3 (2), pp. 41-44, 5 figs.<\/p>\n\n\n\n<p class=\"has-text-align-center has-text-color has-medium-font-size\" style=\"color:#100953\"><strong>Fabrice Moreau<\/strong><\/p>\n\n\n\n<p><strong>(<\/strong><a href=\"https:\/\/www.researchgate.net\/profile\/Moreau_Fabrice\">https:\/\/www.researchgate.net\/profile\/Moreau_Fabrice<\/a><strong>)<\/strong><\/p>\n\n\n\n<p class=\"has-text-color\" style=\"color:#100953\">Moreau (F) &amp; Mathis (S) &#8211; 1992 &#8211; Faunule ichthyologique des Marnes \u00e0 Hu\u00eetres inf\u00e9rieures (Oligoc\u00e8nes inf\u00e9rieur, Stampien), Longjumeau, Essonne. Cossmanniana 1 (2-4) : 1-13<\/p>\n\n\n\n<p class=\"has-text-color\" style=\"color:#100953\">Dutheil (D) &amp; Moreau (F) &#8211; 2002 &#8211; Cycle s\u00e9dimentaire et vert\u00e9br\u00e9s d\u2019une formation peu connue du bassin de Paris, l\u2019unit\u00e9 des Sables de Bourguillemont (Oise, France) (Pal\u00e9oc\u00e8ne sup\u00e9rieur). Geodiversitas 24(4) : 753-764<\/p>\n\n\n\n<p class=\"has-text-color\" style=\"color:#100953\">Dutheil (D), MOREAU (F) &amp; De Pl\u00f6eg (G) &#8211; 2006 &#8211; Les ichthyofaunes du gisement \u00e0 ambre de Le Quesnoy (Pal\u00e9oc\u00e8ne et \u00c9oc\u00e8ne du bassin de Paris, France). <a>Cossmanniana 11 (1-4) : 1-13<\/a><\/p>\n\n\n\n<p class=\"has-text-color\" style=\"color:#100953\">Moreau (F), Dion (M) &amp; Mathis (S) &#8211; 2013 &#8211; Pr\u00e9sence des genres Xiphodolamia et Isistius (Chondrichthyes, Elasmo-branchii) \u00e0 l\u2019\u00c9oc\u00e8ne du Bassin de Paris. Cossmanniana 15<\/p>\n\n\n\n<p class=\"has-text-color\" style=\"color:#100953\">Leroy (A) &amp; al. &#8211; 2014 &#8211; La s\u00e9rie marine du Than\u00e9tien moyen (Formation des Sables de Ch\u00e2lons-sur-Vesle) \u00e0 Cauroy-l\u00e8s-Hermonville (Marne, France). Description et interpr\u00e9tation environnementale de sa s\u00e9dimentation et de sa faune. Cossmanniana, 16: 3-54, text-fig. 1-20, pl. 1-33<\/p>\n\n\n\n<p class=\"has-text-color\" style=\"color:#100953\">VRINAT (X)&nbsp;; LEROY (A) ; MOREAU (F) &amp; HUGO (D)- 2019 &#8211; Une fen\u00eatre pal\u00e9ontologique remarquable sur le Sparnacien (\u00c9oc\u00e8ne inf\u00e9rieur) \u00e0 Soissons, Aisne, France; Juillet 2025<\/p>\n\n\n\n<p class=\"has-text-color\" style=\"color:#100953\"><\/p>\n\n\n\n<p class=\"has-text-align-center has-text-color has-medium-font-size\" style=\"color:#100953\"><strong>Yann Samson<\/strong><\/p>\n\n\n\n<p><strong>(<\/strong><a href=\"https:\/\/www.researchgate.net\/profile\/Yann_Samson\"><strong>https:\/\/www.researchgate.net\/profile\/Yann_Samson<\/strong><\/a><strong>)<\/strong><\/p>\n\n\n\n<p class=\"has-text-color\" style=\"color:#100953\">Nombreux travaux sur le secondaire de Normandie<\/p>\n\n\n\n<p class=\"has-text-align-center has-text-color has-medium-font-size\" style=\"color:#100953\"><strong>Aur\u00e9lien Tardieu<\/strong><\/p>\n\n\n\n<p class=\"has-text-color\" style=\"color:#100953\">Travaux dans le domaine de l\u2019Histoire de la Grande Guerre<\/p>\n\n\n\n<p class=\"has-text-align-center has-text-color has-medium-font-size\" style=\"color:#100953\"><strong>Xavier Vrinat<\/strong><\/p>\n\n\n\n<p><strong>(<\/strong><a href=\"https:\/\/www.researchgate.net\/search?q=Xavier%20Vrinat\"><strong>https:\/\/www.researchgate.net\/search?q=Xavier%20Vrinat<\/strong><\/a><strong>)<\/strong><\/p>\n\n\n\n<p class=\"has-text-color\" style=\"color:#100953\">VRINAT (X) &#8211; 2016 &#8211; Observations sur le Marin\u00e9sien basal (Bartonien, \u00c9oc\u00e8ne moyen) du Quoniam, Haravilliers (France). COSSMANNIANA&nbsp;; 18<\/p>\n\n\n\n<p class=\"has-text-color\" style=\"color:#100953\">VRINAT (X)&nbsp;&#8211; 2019 &#8211; The smooth-shelled Neritidae from the Ypresian of the Paris Basin &#8211; Cainozoic Research, 19(1), pp. 45-78. <strong>Cette derni\u00e8re publication introduit un nouveau taxon, <em>Clithon tigrinus<\/em> nov. sp., end\u00e9mique du site de Cuise-La-Motte.<\/strong><\/p>\n\n\n\n<p class=\"has-text-color\" style=\"color:#100953\">VRINAT (X)&nbsp;; LEROY (A) ; MOREAU (F) &amp; HUGO (D)- 2019 &#8211; Une fen\u00eatre pal\u00e9ontologique remarquable sur le Sparnacien (\u00c9oc\u00e8ne inf\u00e9rieur) \u00e0 Soissons, Aisne, France; Juillet 2025<\/p>\n\n\n\n<p class=\"has-text-color\" style=\"color:#100953\">VRINAT (X) &#8211; 2025 &#8211; Remarques taxonomiques sur quelques Ancillariidae (Gastropoda, Olivoidea) de l\u2019\u00c9oc\u00e8ne du bassin de Paris. Description d\u2019une esp\u00e8ce nouvelle.<\/p>\n\n\n\n<p><\/p>\n\n\n\n<p class=\"has-text-align-center has-text-color\" style=\"color:#100953\">&#8212;&#8212;<\/p>\n\n\n\n<p class=\"has-text-align-center has-text-color\" style=\"color:#100953\">L\u2019association travaille en outre sur plusieurs projets collectifs de publications de r\u00e9f\u00e9rence portant principalement sur les sites sur lesquels l\u2019Association est intervenue.<\/p>\n\n\n\n<p class=\"has-text-align-center has-text-color\" style=\"color:#100953\">Plusieurs membres fournissent par ailleurs un important mat\u00e9riel int\u00e9grant des collections publiques, telles que celle du MNHN&nbsp;:<\/p>\n\n\n\n<p class=\"has-text-align-center\"><strong>Collection Gain<\/strong><\/p>\n\n\n\n<p class=\"has-text-align-center has-green-color has-text-color\">(<a href=\"https:\/\/science.mnhn.fr\/institution\/mnhn\/collection\/f\/item\/list?full_text=Gain\">https:\/\/science.mnhn.fr\/institution\/mnhn\/collection\/f\/item\/list?full_text=Gain<\/a>)<\/p>\n\n\n\n<p class=\"has-text-align-center\"><strong>Collection Leroy<\/strong><\/p>\n\n\n\n<p class=\"has-text-align-center has-green-color has-text-color\">(<a href=\"https:\/\/science.mnhn.fr\/institution\/mnhn\/collection\/f\/item\/list?full_text=Leroy\">https:\/\/science.mnhn.fr\/institution\/mnhn\/collection\/f\/item\/list?full_text=Leroy<\/a>)<\/p>\n\n\n\n<p class=\"has-text-align-center\"><strong>Collection Marcomini <\/strong>(<a href=\"https:\/\/science.mnhn.fr\/institution\/mnhn\/collection\/f\/item\/list?full_text=Marcomini\">https:\/\/science.mnhn.fr\/institution\/mnhn\/collection\/f\/item\/list?full_text=Marcomini<\/a>)<\/p>\n\n\n\n<p class=\"has-text-align-center\"><strong>Collection Pattedoie <\/strong>(<a href=\"https:\/\/science.mnhn.fr\/institution\/mnhn\/collection\/f\/item\/list?full_text=Pattedoie\">https:\/\/science.mnhn.fr\/institution\/mnhn\/collection\/f\/item\/list?full_text=Pattedoie<\/a>)<\/p>\n\n\n\n<p class=\"has-text-align-center\"><strong>Collection Vrinat<\/strong> (<a href=\"https:\/\/science.mnhn.fr\/institution\/mnhn\/collection\/f\/item\/list?full_text=Vrinat\">https:\/\/science.mnhn.fr\/institution\/mnhn\/collection\/f\/item\/list?full_text=Vrinat<\/a>)<\/p>\n\n\n\n<p class=\"has-text-align-center has-text-color\" style=\"color:#100953\">D\u2019autres contributions de nature scientifiques, dans le domaine associatif sont \u00e0 noter, tel que la gestion et la mise en valeur de la collection du Club G\u00e9ologique Ile de France par Delphin Hugo.<\/p>\n\n\n\n<p class=\"has-text-align-center\">(<a href=\"http:\/\/clubgeologiqueidf.fr\/accueil\/la-collection-du-club\/\">http:\/\/clubgeologiqueidf.fr\/accueil\/la-collection-du-club\/<\/a>).<\/p>\n","protected":false},"excerpt":{"rendered":"<p>Contributions scientifiques des membres de l\u2019Association Outre par ses travaux sur le terrain, la r\u00e9putation scientifique de l\u2019association tient \u00e9galement aux activit\u00e9s de plusieurs membres dans le domaine scientifique. Plusieurs d\u2019entre eux publient r\u00e9guli\u00e8rement dans des revues scientifiques sp\u00e9cialis\u00e9es en Pal\u00e9ontologie, mais aussi dans d\u2019autres domaines scientifiques. Voici un aper\u00e7u de leurs travaux centr\u00e9s principalement &hellip; <a href=\"https:\/\/aessfg.fr\/?page_id=456\" class=\"more-link\">Continuer la lecture de <span class=\"screen-reader-text\">contributions scientifiques des membres de l&rsquo; aessfg<\/span>  <span class=\"meta-nav\">&rarr;<\/span><\/a><\/p>\n","protected":false},"author":2,"featured_media":0,"parent":0,"menu_order":0,"comment_status":"closed","ping_status":"closed","template":"","meta":{"footnotes":""},"class_list":["post-456","page","type-page","status-publish","hentry"],"_links":{"self":[{"href":"https:\/\/aessfg.fr\/index.php?rest_route=\/wp\/v2\/pages\/456","targetHints":{"allow":["GET"]}}],"collection":[{"href":"https:\/\/aessfg.fr\/index.php?rest_route=\/wp\/v2\/pages"}],"about":[{"href":"https:\/\/aessfg.fr\/index.php?rest_route=\/wp\/v2\/types\/page"}],"author":[{"embeddable":true,"href":"https:\/\/aessfg.fr\/index.php?rest_route=\/wp\/v2\/users\/2"}],"replies":[{"embeddable":true,"href":"https:\/\/aessfg.fr\/index.php?rest_route=%2Fwp%2Fv2%2Fcomments&post=456"}],"version-history":[{"count":30,"href":"https:\/\/aessfg.fr\/index.php?rest_route=\/wp\/v2\/pages\/456\/revisions"}],"predecessor-version":[{"id":819,"href":"https:\/\/aessfg.fr\/index.php?rest_route=\/wp\/v2\/pages\/456\/revisions\/819"}],"wp:attachment":[{"href":"https:\/\/aessfg.fr\/index.php?rest_route=%2Fwp%2Fv2%2Fmedia&parent=456"}],"curies":[{"name":"wp","href":"https:\/\/api.w.org\/{rel}","templated":true}]}}