{"id":22,"date":"2015-08-02T22:24:50","date_gmt":"2015-08-02T20:24:50","guid":{"rendered":"http:\/\/aessfg.fr\/v2\/?page_id=22"},"modified":"2020-04-10T18:56:46","modified_gmt":"2020-04-10T16:56:46","slug":"statuts-de-laessfg","status":"publish","type":"page","link":"https:\/\/aessfg.fr\/?page_id=22","title":{"rendered":"STATUTS DE L&rsquo; AESSFG"},"content":{"rendered":"<p style=\"text-align: center;\"><span style=\"color: #003366;\">ASSOCIATION POUR L\u2019ETUDE ET LA SAUVEGARDE DES SITES FOSSILIFERES ET GEOLOGIQUES<\/span><\/p>\n<p style=\"text-align: center;\"><span style=\"color: #003366;\">***********************************************<\/span><br \/>\n<strong><span style=\"color: #003366;\"> STATUTS<\/span><\/strong><\/p>\n<p style=\"text-align: center;\"><strong><span style=\"color: #003366;\">I &#8211; OBJET ET COMPOSITION DE L\u2019ASSOCIATION<\/span><\/strong><br \/>\n<strong><span style=\"color: #003366;\"> ARTICLE 1<\/span><\/strong><\/p>\n<p><span style=\"color: #003366;\">L\u2019association dite A.E.S.S.F.G. \u00ab Association pour l\u2019\u00c9tude et la Sauvegarde des Sites Fossilif\u00e8res et G\u00e9ologiques \u00bb a pour but l\u2019\u00e9tude des faunes et des flores, pr\u00e9sentes dans les diff\u00e9rents gisements de l\u2019\u00e8re Tertiaire et Quaternaire situ\u00e9s sur le territoire national d\u2019une part, et l\u2019\u00e9tude des faunes et des flores actuelles correspondantes. Elle est g\u00e9r\u00e9e par la loi du 01\/07\/1901 et les pr\u00e9sents statuts. Son objet est de :<\/span><\/p>\n<p><span style=\"color: #003366;\">\u00b7 rassembler et g\u00e9rer des comp\u00e9tences pluridisciplinaires (amateurs ou professionnelles) pour \u00eatre en mesure de r\u00e9aliser des \u00e9tudes de gisements couvrant plusieurs aspects : g\u00e9ologie locale, stratigraphie, pal\u00e9ontologie, pal\u00e9o\u00e9cologie, lithologie, s\u00e9dimentologie, biologie ;<\/span><\/p>\n<p><span style=\"color: #003366;\">\u00b7 assurer les relations avec les exploitants des sites et obtenir les autorisations d\u2019acc\u00e8s n\u00e9cessaires ;<\/span><\/p>\n<p><span style=\"color: #003366;\">\u00b7 coordonner les activit\u00e9s de terrain n\u00e9cessaires \u00e0 ces \u00e9tudes en portant une attention particuli\u00e8re aux mesures de s\u00e9curit\u00e9 ;<\/span><\/p>\n<p><span style=\"color: #003366;\">\u00b7 coordonner les activit\u00e9s de laboratoire cons\u00e9cutives \u00e0 ces activit\u00e9s de terrain ;<\/span><\/p>\n<p><span style=\"color: #003366;\">\u00b7 porter les r\u00e9sultats de ces \u00e9tudes \u00e0 la connaissance de tous au travers de publications papier ou \u00e9lectroniques ;<\/span><\/p>\n<p><span style=\"color: #003366;\">\u00b7 rechercher, dans la mesure de ses moyens, des solutions pour la pr\u00e9servation des sites g\u00e9ologiques d\u2019int\u00e9r\u00eat ;<\/span><\/p>\n<p><span style=\"color: #003366;\">\u00b7 rechercher, dans la mesure de ses moyens, des solutions pour la pr\u00e9servation des collections priv\u00e9es ou publiques qui pourraient d\u00e9couler de ces \u00e9tudes ;<\/span><\/p>\n<p><span style=\"color: #003366;\">\u00b7 transmettre ses connaissances \u00e0 tout organisme ou \u00e9tablissement de l\u2019enseignement qui souhaiteraient en b\u00e9n\u00e9ficier, sous forme d\u2019interventions \u00e0 caract\u00e8re p\u00e9dagogique telles que par exemple, ateliers ou sorties terrain encadr\u00e9es ;<\/span><\/p>\n<p><span style=\"color: #003366;\">\u00b7 collaborer avec les institutions d\u00e9sireuses de s\u2019impliquer dans les actions de protection entreprises par l\u2019AESSFG, y compris par l\u2019implication \u00e0 plein temps d\u2019un ou plusieurs membres de l\u2019AESSFG dans ce type de collaboration ;<\/span><\/p>\n<p><span style=\"color: #003366;\">\u00b7 r\u00e9alisation, dans un but p\u00e9dagogique, scientifique ou culturel, de prestations visant \u00e0 promouvoir la d\u00e9couverte et la compr\u00e9hension des milieux naturels.<\/span><\/p>\n<p><span style=\"color: #003366;\">L\u2019association a une dur\u00e9e illimit\u00e9e.<\/span><\/p>\n<p><span style=\"color: #003366;\">Le si\u00e8ge de l\u2019association est : \u00ab A.E.S.S.F.G., chez M. Jean-Luc MARCOMINI, 172 Avenue Jacques Vogt, 95340 Persan \u00bb. Le Comit\u00e9 Directeur se r\u00e9serve la possibilit\u00e9 de le d\u00e9placer si n\u00e9cessaire.<\/span><\/p>\n<p><span style=\"color: #003366;\">Les statuts de l\u2019association sont d\u00e9pos\u00e9s \u00e0 la Sous-Pr\u00e9fecture de Cergy-Pontoise.<\/span><\/p>\n<p><span style=\"color: #003366;\">L\u2019association s\u2019interdit toutes discussions ou manifestations n\u2019entrant pas dans son objet.<\/span><\/p>\n<p><span style=\"color: #003366;\">L\u2019association est d\u00e9clar\u00e9e conform\u00e9ment \u00e0 l\u2019article 5 de la loi du 1er juillet 1901.<\/span><\/p>\n<p style=\"text-align: center;\"><strong><span style=\"color: #003366;\">ARTICLE 2<\/span><\/strong><\/p>\n<p><span style=\"color: #003366;\">Les moyens d\u2019action de l\u2019association sont la tenue d\u2019au moins une Assembl\u00e9e G\u00e9n\u00e9rale dans l\u2019ann\u00e9e, la publication d\u2019un bulletin, les r\u00e9unions projet visant \u00e0 coordonner les \u00e9tudes en cours, l\u2019organisation d\u2019activit\u00e9s de terrain et de laboratoire, la diffusion d\u2019informations sur sites Internet, la participation \u00e0 des colloques, et en g\u00e9n\u00e9ral toutes les activit\u00e9s et manifestations propres \u00e0 d\u00e9velopper son objet.<\/span><\/p>\n<p style=\"text-align: center;\"><strong><span style=\"color: #003366;\">ARTICLE 3<\/span><\/strong><\/p>\n<p><span style=\"color: #003366;\">L\u2019association se compose :<\/span><\/p>\n<p><span style=\"color: #003366;\">\u00b7 de membres actifs, titre attribu\u00e9 contre paiement de la cotisation annuelle ;<\/span><\/p>\n<p><span style=\"color: #003366;\">\u00b7 de membres actifs ch\u00f4meurs ou en situation pr\u00e9caire, ainsi que les mineurs sous r\u00e9serve d\u2019acceptation d\u2019un tuteur l\u00e9gal, contre paiement d\u2019une cotisation annuelle minor\u00e9e correspondant \u00e0 la moiti\u00e9 de la cotisation annuelle ;<\/span><\/p>\n<p><span style=\"color: #003366;\">\u00b7 de membres sympathisants, personnes ou associations ne participant pas directement aux activit\u00e9s de l\u2019association, ayant acquitt\u00e9 la cotisation correspondant au \u00bc de la cotisation annuelle ;<\/span><\/p>\n<p><span style=\"color: #003366;\">\u00b7 de membres honoraires, titre accord\u00e9 \u00e0 ceux qui par leur souscription, leurs conseils, ou leur activit\u00e9 pr\u00e9sente ou pass\u00e9e ont concouru \u00e0 la prosp\u00e9rit\u00e9 de l\u2019association.<\/span><\/p>\n<p><span style=\"color: #003366;\">Pour \u00eatre membre il faut \u00eatre majeur ou fournir une autorisation \u00e9crite d\u2019un tuteur l\u00e9gal et \u00eatre agr\u00e9\u00e9 par le Comit\u00e9 Directeur. En cas de refus, ce dernier n\u2019est pas oblig\u00e9 de motiver sa d\u00e9cision.<\/span><\/p>\n<p style=\"text-align: center;\"><strong><span style=\"color: #003366;\">ARTICLE 4<\/span><\/strong><\/p>\n<p><span style=\"color: #003366;\">\u00b7 Le taux de la cotisation et le montant des droits d\u2019entr\u00e9e \u00e9ventuels sont fix\u00e9s annuellement par l\u2019Assembl\u00e9e G\u00e9n\u00e9rale.<\/span><\/p>\n<p><span style=\"color: #003366;\">\u00b7 La cotisation annuelle est due \u00e0 partir du 1er janvier de chaque ann\u00e9e \u00e0 l\u2019association avec une date limite fix\u00e9e au 28 f\u00e9vrier ; pass\u00e9e cette date, une majoration de 50 % sera demand\u00e9e au retardataire. Un nouveau membre adh\u00e9rent apr\u00e8s le 30 septembre ne sera pas sollicit\u00e9 sauf \u00e0 valoir sur la cotisation de l\u2019ann\u00e9e suivante.<\/span><\/p>\n<p style=\"text-align: center;\"><strong><span style=\"color: #003366;\">ARTICLE 5<\/span><\/strong><\/p>\n<p><span style=\"color: #003366;\">La qualit\u00e9 de membre se perd :<\/span><\/p>\n<p><span style=\"color: #003366;\">\u00b7 par d\u00e9mission, adress\u00e9e par lettre recommand\u00e9e AR au Pr\u00e9sident et accompagn\u00e9e des sommes ou mat\u00e9riels dus par l\u2019int\u00e9ress\u00e9 \u00e0 l\u2019association ;<\/span><br \/>\n<span style=\"color: #003366;\"> \u00b7 de droit, par non paiement de la cotisation ;<\/span><br \/>\n<span style=\"color: #003366;\"> \u00b7 par la radiation temporaire ou d\u00e9finitive propos\u00e9e par le Comit\u00e9 Directeur pour motif grave tenant \u00e0 sa conduite ou pour tout acte que le Comit\u00e9 Directeur estime constituer un trouble au bon fonctionnement ou \u00e0 l\u2019image de marque de l\u2019association. Le membre int\u00e9ress\u00e9 ayant \u00e9t\u00e9 pr\u00e9alablement appel\u00e9 \u00e0 fournir des explications, apr\u00e8s convocation adress\u00e9e par lettre recommand\u00e9e avec accus\u00e9 de r\u00e9ception. Cette radiation sera soumise pour approbation \u00e0 l\u2019Assembl\u00e9e G\u00e9n\u00e9rale.<\/span><\/p>\n<p><span style=\"color: #003366;\">Les membres qui cessent de faire partie de l\u2019association n\u2019ont aucun droit sur l\u2019actif social.<\/span><\/p>\n<p style=\"text-align: center;\">\n<strong><span style=\"color: #003366;\"> II &#8211; AFFILIATION<\/span><\/strong><br \/>\n<strong><span style=\"color: #003366;\"> ARTICLE 6<\/span><\/strong><\/p>\n<p><span style=\"color: #003366;\">L\u2019association est affili\u00e9e \u00e0 MAIF \/ RACVAM.<\/span><\/p>\n<p style=\"text-align: center;\"><strong><span style=\"color: #003366;\">III &#8211; ADMINISTRATION ET FONCTIONNEMENT<\/span><\/strong><\/p>\n<p style=\"text-align: center;\"><strong><span style=\"color: #003366;\">ARTICLE 7<\/span><\/strong><\/p>\n<p style=\"text-align: left;\"><span style=\"color: #003366;\">ADMINISTRATION :<\/span><\/p>\n<p><span style=\"color: #003366;\">\u00b7 l\u2019association est administr\u00e9e par un Comit\u00e9 Directeur compos\u00e9 d\u2019au moins trois membres \u00e9lus au scrutin secret, pour trois ans, par l\u2019Assembl\u00e9e G\u00e9n\u00e9rale ;<\/span><\/p>\n<p><span style=\"color: #003366;\">\u00b7 est \u00e9ligible tout membre actif \u00e2g\u00e9 d\u2019au moins 18 ans et jouissant de ses droits civils et politiques et non r\u00e9tribu\u00e9 par l\u2019association ;<\/span><\/p>\n<p><span style=\"color: #003366;\">\u00b7 Le Comit\u00e9 Directeur se renouvelle au tiers par rotation, chaque ann\u00e9e. Les sortants sont r\u00e9\u00e9ligibles chaque ann\u00e9e. Les membres d\u00e9sireux d\u2019entrer au Comit\u00e9 Directeur doivent faire par \u00e9crit acte de candidature au moins 15 jours avant la date pr\u00e9vue de l\u2019Assembl\u00e9e.<\/span><\/p>\n<p><span style=\"color: #003366;\">\u00b7 le Comit\u00e9 Directeur \u00e9lit chaque ann\u00e9e, au scrutin secret, son bureau comprenant au moins le Pr\u00e9sident, le Secr\u00e9taire G\u00e9n\u00e9ral et le Tr\u00e9sorier de l\u2019association.<\/span><\/p>\n<p><span style=\"color: #003366;\">\u00b7 le Pr\u00e9sident est charg\u00e9 d\u2019ex\u00e9cuter les d\u00e9cisions du Comit\u00e9 Directeur et d\u2019assurer le bon fonctionnement de l\u2019association, qu\u2019il repr\u00e9sente en justice et dans tous les actes de la vie civile ;<\/span><\/p>\n<p><span style=\"color: #003366;\">\u00b7 le Secr\u00e9taire est charg\u00e9 des convocations et de la r\u00e9daction des proc\u00e8s-verbaux, de la correspondance et de la tenue du registre prescrit par l\u2019article 5 de la loi du 1er Juillet 1901 ;<\/span><\/p>\n<p><span style=\"color: #003366;\">\u00b7 le Tr\u00e9sorier tient les comptes de l\u2019association et, sous la surveillance du Pr\u00e9sident, il effectue tous paiements et re\u00e7oit toutes sommes ; il proc\u00e8de, avec l\u2019autorisation du Comit\u00e9 Directeur, au retrait, au transfert et \u00e0 l\u2019ali\u00e9nation de tous biens et valeurs ;<\/span><\/p>\n<p><span style=\"color: #003366;\">\u00b7 en cas de vacance, le Comit\u00e9 Directeur pourvoit provisoirement au remplacement de ses membres par cooptation. Ceux-ci sont confirm\u00e9s par l\u2019Assembl\u00e9e G\u00e9n\u00e9rale ;<\/span><\/p>\n<p><span style=\"color: #003366;\">\u00b7 le Comit\u00e9 Directeur se r\u00e9unit, sur convocation du Pr\u00e9sident, au moins une fois l\u2019an et autant de fois que n\u00e9cessaire ;<\/span><\/p>\n<p><span style=\"color: #003366;\">\u00b7 la pr\u00e9sence de la moiti\u00e9 des membres est n\u00e9cessaire pour que les d\u00e9lib\u00e9rations du Comit\u00e9 Directeur soient valables ;<\/span><\/p>\n<p><span style=\"color: #003366;\">\u00b7 tout membre du Comit\u00e9 Directeur qui aura, sans excuses accept\u00e9es par celui-ci, manqu\u00e9 \u00e0 trois s\u00e9ances cons\u00e9cutives pourra \u00eatre consid\u00e9r\u00e9 comme d\u00e9missionnaire ;<\/span><\/p>\n<p><span style=\"color: #003366;\">\u00b7 le proc\u00e8s-verbal des r\u00e9unions est transcrit par le Secr\u00e9taire et archiv\u00e9 ;<\/span><\/p>\n<p><span style=\"color: #003366;\">\u00b7 les membres du Comit\u00e9 Directeur ne peuvent recevoir aucune r\u00e9tribution pour leur fonction.<\/span><\/p>\n<p><span style=\"color: #003366;\">\u00b7 le Comit\u00e9 Directeur peut fixer le taux de remboursement des frais de d\u00e9placement, mission ou repr\u00e9sentation effectu\u00e9s par les membres du Comit\u00e9 Directeur dans l\u2019exercice de leur fonction.<\/span><\/p>\n<p><span style=\"color: #003366;\">\u00b7 le Pr\u00e9sident peut inviter toute personne \u00e0 assister aux r\u00e9unions avec voix consultative.<\/span><\/p>\n<p><span style=\"color: #003366;\">\u00b7 en cas de vote, le pr\u00e9sident dispose d&rsquo;une voix pr\u00e9pond\u00e9rante, qu\u2019il peut utiliser en cas d\u2019\u00e9galit\u00e9.<\/span><\/p>\n<p style=\"text-align: center;\"><strong><span style=\"color: #003366;\">ARTICLE 8<\/span><\/strong><\/p>\n<p><span style=\"color: #003366;\">ASSEMBLEE GENERALE<\/span><\/p>\n<p><span style=\"color: #003366;\">\u00b7 l\u2019Assembl\u00e9e G\u00e9n\u00e9rale de l\u2019association est compos\u00e9e des membres actifs adh\u00e9rents \u00e0 l\u2019association depuis plus de 1 mois, \u00e0 jour de leur cotisation et \u00e2g\u00e9s d\u2019au moins 16 ans au jour de l\u2019Assembl\u00e9e.<\/span><\/p>\n<p><span style=\"color: #003366;\">\u00b7 l\u2019Assembl\u00e9e se r\u00e9unit une fois par an et en outre, chaque fois qu\u2019elle est convoqu\u00e9e par le Comit\u00e9 Directeur ou sur la demande d\u2019au moins un quart de ses membres. La convocation \u00e0 l\u2019Assembl\u00e9e est adress\u00e9e 1 mois avant la date retenue pour celle-ci ;<\/span><\/p>\n<p><span style=\"color: #003366;\">\u00b7 son ordre du jour est propos\u00e9 par le Comit\u00e9 Directeur ;<\/span><\/p>\n<p><span style=\"color: #003366;\">\u00b7 son bureau est celui du Comit\u00e9 Directeur en exercice ;<\/span><\/p>\n<p><span style=\"color: #003366;\">\u00b7 l\u2019Assembl\u00e9e est pr\u00e9sid\u00e9e par le Pr\u00e9sident de l\u2019association ou, \u00e0 d\u00e9faut, par un administrateur d\u00e9l\u00e9gu\u00e9 \u00e0 cet effet par le Comit\u00e9 Directeur. Les fonctions de secr\u00e9taire sont remplies par le Secr\u00e9taire de l\u2019association ou, en son absence, par un membre de l\u2019Assembl\u00e9e d\u00e9sign\u00e9 par celle-ci. Il est dress\u00e9 une feuille de pr\u00e9sence sign\u00e9e par les membres de l\u2019association en entrant en s\u00e9ance et certifi\u00e9e par les Pr\u00e9sident et Secr\u00e9taire de s\u00e9ance ;<\/span><br \/>\n<span style=\"color: #003366;\"> \u00b7 pour d\u00e9lib\u00e9rer valablement, l\u2019Assembl\u00e9e G\u00e9n\u00e9rale ordinaire doit \u00eatre compos\u00e9e du quart au moins des membres actifs ou repr\u00e9sent\u00e9s ;<\/span><br \/>\n<span style=\"color: #003366;\"> \u00b7 si cette condition n\u2019est pas remplie, l\u2019Assembl\u00e9e est convoqu\u00e9e \u00e0 nouveau, dans un d\u00e9lai aussi court que possible et au moins dans les 3 mois qui suivent le constat de carence. Lors de cette seconde r\u00e9union, elle d\u00e9lib\u00e8re valablement quel que soit le nombre de membres pr\u00e9sents ou repr\u00e9sent\u00e9s, mais seulement sur les questions figurant \u00e0 l\u2019ordre du jour de la pr\u00e9c\u00e9dente Assembl\u00e9e ;<\/span><br \/>\n<span style=\"color: #003366;\"> \u00b7 les d\u00e9cisions et l\u2019approbation des diff\u00e9rents rapports sont pris \u00e0 la majorit\u00e9 simple. Le vote s\u2019effectuant \u00e0 main lev\u00e9e des membres actifs pr\u00e9sents ou repr\u00e9sent\u00e9s ;<\/span><\/p>\n<p><span style=\"color: #003366;\">\u00b7 en cas de vote, le pr\u00e9sident dispose d&rsquo;une voix pr\u00e9pond\u00e9rante, qu\u2019il peut utiliser en cas d\u2019\u00e9galit\u00e9.<\/span><\/p>\n<p><span style=\"color: #003366;\">\u00b7 le vote par procuration est admis. Un membre pouvant \u00eatre porteur de trois pouvoirs au maximum ;<\/span><\/p>\n<p><span style=\"color: #003366;\">\u00b7 le vote par correspondance n\u2019est pas admis ;<\/span><\/p>\n<p><span style=\"color: #003366;\">\u00b7 l\u2019Assembl\u00e9e entend les rapports sur la gestion du Comit\u00e9 Directeur et sur la situation financi\u00e8re et morale de l\u2019association. Elle peut nommer un Commissaire aux comptes charg\u00e9 de v\u00e9rifier ceux-ci et faire un rapport ;<\/span><\/p>\n<p><span style=\"color: #003366;\">\u00b7 l\u2019Assembl\u00e9e approuve les comptes de l\u2019exercice, vote le budget de l\u2019exercice suivant, elle d\u00e9lib\u00e8re sur les questions mises \u00e0 l\u2019ordre du jour ;<\/span><\/p>\n<p><span style=\"color: #003366;\">\u00b7 tout membre actif de l\u2019Assembl\u00e9e peut soumettre de nouveaux points \u00e0 l\u2019Ordre du Jour, \u00e0 condition de transmettre sa demande aupr\u00e8s du Comit\u00e9 Directeur au moins 15 jours avant la tenue de l\u2019Assembl\u00e9e ;<\/span><\/p>\n<p><span style=\"color: #003366;\">\u00b7 l\u2019Assembl\u00e9e pourvoit au renouvellement des membres du Comit\u00e9 Directeur ;<\/span><\/p>\n<p><span style=\"color: #003366;\">\u00b7 le proc\u00e8s-verbal de l\u2019Assembl\u00e9e et le rapport financier sont conserv\u00e9s dans les archives de l\u2019association ;<\/span><\/p>\n<p><span style=\"color: #003366;\">\u00b7 le Comit\u00e9 Directeur s\u2019engage \u00e0 diffuser aupr\u00e8s des membres de l\u2019association le proc\u00e8s-verbal et le rapport financier, dans un d\u00e9lai le plus court possible et au moins avant la tenue de l\u2019Assembl\u00e9e suivante, par tout moyen qu\u2019il juge n\u00e9cessaire.<\/span><\/p>\n<p><strong><span style=\"color: #003366;\">IV &#8211; MODIFICATION DES STATUTS ET DISSOLUTION<\/span><\/strong><\/p>\n<p style=\"text-align: center;\"><strong><span style=\"color: #003366;\">ARTICLE 9<\/span><\/strong><\/p>\n<p><span style=\"color: #003366;\">\u00b7 les statuts ne peuvent \u00eatre modifi\u00e9s que sur proposition du Comit\u00e9 Directeur ou sur proposition du dixi\u00e8me des membres actifs. La proposition doit \u00eatre soumise par \u00e9crit au Comit\u00e9 Directeur, au moins 15 jours avant la s\u00e9ance de l\u2019Assembl\u00e9e G\u00e9n\u00e9rale ;<\/span><\/p>\n<p><span style=\"color: #003366;\">\u00b7 pour une modification des statuts, le quart des membres actifs doit \u00eatre pr\u00e9sent ou repr\u00e9sent\u00e9 \u00e0 l\u2019Assembl\u00e9e G\u00e9n\u00e9rale. Si cette condition n\u2019est pas atteinte, l\u2019Assembl\u00e9e est convoqu\u00e9e \u00e0 nouveau, dans un d\u00e9lai aussi court que possible et au moins dans les 3 mois qui suivent le constat de carence ; elle peut alors d\u00e9lib\u00e9rer valablement quel que soit le nombre de pr\u00e9sents ou repr\u00e9sent\u00e9s ;<\/span><\/p>\n<p><span style=\"color: #003366;\">\u00b7 dans tous les cas, les statuts ne peuvent \u00eatre modifi\u00e9s qu\u2019\u00e0 la majorit\u00e9 des deux tiers des voix des membres pr\u00e9sents ou repr\u00e9sent\u00e9s \u00e0 cette Assembl\u00e9e.<\/span><\/p>\n<p style=\"text-align: center;\"><strong><span style=\"color: #003366;\">ARTICLE 10<\/span><\/strong><\/p>\n<p><span style=\"color: #003366;\">\u00b7 l\u2019Assembl\u00e9e G\u00e9n\u00e9rale appel\u00e9e \u00e0 se prononcer sur la dissolution de l\u2019association est convoqu\u00e9e sp\u00e9cialement \u00e0 cet effet, elle doit comprendre plus de la moiti\u00e9 des membres actifs ;<\/span><\/p>\n<p><span style=\"color: #003366;\">\u00b7 si cette condition n\u2019est pas atteinte, l\u2019Assembl\u00e9e est convoqu\u00e9e \u00e0 nouveau, dans un d\u00e9lai aussi court que possible et au moins dans les 3 mois qui suivent le constat de carence ; elle peut alors d\u00e9lib\u00e9rer valablement quel que soit le nombre de pr\u00e9sents ou repr\u00e9sent\u00e9s ;<\/span><\/p>\n<p><span style=\"color: #003366;\">\u00b7 dans tous les cas la dissolution ne peut \u00eatre prononc\u00e9e qu\u2019\u00e0 la majorit\u00e9 des deux tiers des membres pr\u00e9sents et repr\u00e9sent\u00e9s \u00e0 cette Assembl\u00e9e.<\/span><\/p>\n<p style=\"text-align: center;\"><strong><span style=\"color: #003366;\">ARTICLE 11<\/span><\/strong><\/p>\n<p><span style=\"color: #003366;\">En cas de dissolution, l\u2019Assembl\u00e9e d\u00e9signe un ou plusieurs Commissaires charg\u00e9s de la liquidation des biens de l\u2019association. Elle attribue l\u2019actif net, conform\u00e9ment \u00e0 la loi, \u00e0 une ou plusieurs associations. En aucun cas les membres de l\u2019association ne peuvent se voir attribuer, en dehors de leurs apports, une part quelconque des biens de l\u2019association.<\/span><\/p>\n<p><span style=\"color: #003366;\"><span style=\"color: #003366;\"><b> V &#8211; FORMALIT\u00c9S\u00a0ET R\u00c8GLEMENT\u00a0<\/b><\/span><\/span><span style=\"color: #003366;\"><b>INT\u00c9RIEUR<\/b><\/span><\/p>\n<p style=\"text-align: center;\"><strong><span style=\"color: #003366;\">ARTICLE 12<\/span><\/strong><\/p>\n<p><span style=\"color: #003366;\">Le Pr\u00e9sident est charg\u00e9, au nom du Comit\u00e9 Directeur, de remplir toutes les formalit\u00e9s de d\u00e9claration et de publication prescrites par la r\u00e9glementation en vigueur. Tous pouvoirs lui sont d\u00e9l\u00e9gu\u00e9s \u00e0 l\u2019effet d\u2019effectuer ces formalit\u00e9s.<\/span><\/p>\n<p style=\"text-align: center;\"><strong><span style=\"color: #003366;\">ARTICLE 13<\/span><\/strong><\/p>\n<p><span style=\"color: #003366;\">\u00b7 Le Comit\u00e9 Directeur pourra, s\u2019il le juge n\u00e9cessaire, \u00e9diter un R\u00e8glement Int\u00e9rieur qui d\u00e9terminera en d\u00e9tail l\u2019ex\u00e9cution des pr\u00e9sents statuts ;<\/span><\/p>\n<p><span style=\"color: #003366;\">\u00b7 le R\u00e8glement Int\u00e9rieur est soumis \u00e0 l\u2019approbation de l\u2019Assembl\u00e9e G\u00e9n\u00e9rale.<\/span><\/p>\n<p><span style=\"color: #003366;\">Fait \u00e0 PERSAN, le 17\/11\/2013,<\/span><br \/>\n<strong><span style=\"color: #003366;\"> Le Pr\u00e9sident : \u00a0 \u00a0 \u00a0 \u00a0 \u00a0 \u00a0 \u00a0 \u00a0 \u00a0 \u00a0 \u00a0 \u00a0 \u00a0 \u00a0 \u00a0 \u00a0 \u00a0 \u00a0 \u00a0 \u00a0 \u00a0 \u00a0 \u00a0 \u00a0 \u00a0 \u00a0 \u00a0 \u00a0 \u00a0 \u00a0\u00a0 le Secr\u00e9taire :<\/span><\/strong><br \/>\n<span style=\"color: #003366;\"> B. PATTEDOIE\u00a0\u00a0\u00a0\u00a0\u00a0\u00a0\u00a0\u00a0\u00a0\u00a0\u00a0\u00a0\u00a0\u00a0\u00a0\u00a0\u00a0\u00a0\u00a0\u00a0\u00a0\u00a0\u00a0\u00a0\u00a0\u00a0\u00a0\u00a0\u00a0\u00a0\u00a0\u00a0\u00a0\u00a0\u00a0\u00a0\u00a0\u00a0\u00a0\u00a0\u00a0\u00a0\u00a0\u00a0\u00a0\u00a0\u00a0\u00a0\u00a0\u00a0\u00a0\u00a0\u00a0\u00a0\u00a0\u00a0\u00a0\u00a0\u00a0 O. AGUERRE<\/span><\/p>\n","protected":false},"excerpt":{"rendered":"<p>ASSOCIATION POUR L\u2019ETUDE ET LA SAUVEGARDE DES SITES FOSSILIFERES ET GEOLOGIQUES *********************************************** STATUTS I &#8211; OBJET ET COMPOSITION DE L\u2019ASSOCIATION ARTICLE 1 L\u2019association dite A.E.S.S.F.G. \u00ab Association pour l\u2019\u00c9tude et la Sauvegarde des Sites Fossilif\u00e8res et G\u00e9ologiques \u00bb a pour but l\u2019\u00e9tude des faunes et des flores, pr\u00e9sentes dans les diff\u00e9rents gisements de l\u2019\u00e8re Tertiaire &hellip; <a href=\"https:\/\/aessfg.fr\/?page_id=22\" class=\"more-link\">Continuer la lecture de <span class=\"screen-reader-text\">STATUTS DE L&rsquo; AESSFG<\/span>  <span class=\"meta-nav\">&rarr;<\/span><\/a><\/p>\n","protected":false},"author":2,"featured_media":0,"parent":0,"menu_order":0,"comment_status":"closed","ping_status":"open","template":"","meta":{"footnotes":""},"class_list":["post-22","page","type-page","status-publish","hentry"],"_links":{"self":[{"href":"https:\/\/aessfg.fr\/index.php?rest_route=\/wp\/v2\/pages\/22","targetHints":{"allow":["GET"]}}],"collection":[{"href":"https:\/\/aessfg.fr\/index.php?rest_route=\/wp\/v2\/pages"}],"about":[{"href":"https:\/\/aessfg.fr\/index.php?rest_route=\/wp\/v2\/types\/page"}],"author":[{"embeddable":true,"href":"https:\/\/aessfg.fr\/index.php?rest_route=\/wp\/v2\/users\/2"}],"replies":[{"embeddable":true,"href":"https:\/\/aessfg.fr\/index.php?rest_route=%2Fwp%2Fv2%2Fcomments&post=22"}],"version-history":[{"count":5,"href":"https:\/\/aessfg.fr\/index.php?rest_route=\/wp\/v2\/pages\/22\/revisions"}],"predecessor-version":[{"id":251,"href":"https:\/\/aessfg.fr\/index.php?rest_route=\/wp\/v2\/pages\/22\/revisions\/251"}],"wp:attachment":[{"href":"https:\/\/aessfg.fr\/index.php?rest_route=%2Fwp%2Fv2%2Fmedia&parent=22"}],"curies":[{"name":"wp","href":"https:\/\/api.w.org\/{rel}","templated":true}]}}