{"id":104,"date":"2015-08-06T19:28:19","date_gmt":"2015-08-06T17:28:19","guid":{"rendered":"http:\/\/aessfg.fr\/v2\/?page_id=104"},"modified":"2025-07-18T13:59:18","modified_gmt":"2025-07-18T11:59:18","slug":"104-2","status":"publish","type":"page","link":"https:\/\/aessfg.fr\/?page_id=104","title":{"rendered":"Une \u00e9tude est en cours de r\u00e9alisation sur deux pr\u00e9l\u00e8vements effectu\u00e9s par l&rsquo;AESSFG lors de travaux sur le site d&rsquo;Attainville."},"content":{"rendered":"\n<p><mark style=\"background-color:rgba(0, 0, 0, 0)\" class=\"has-inline-color has-green-color\">Quelques images  de sp\u00e9cimens  r\u00e9colt\u00e9s  en 2018 pour illustrer ces travaux : <\/mark><\/p>\n\n\n\n<p><\/p>\n\n\n\n<figure class=\"wp-block-image size-large\"><a href=\"http:\/\/aessfg.fr\/wp-content\/uploads\/2021\/09\/Cirsotrema-Circuloscala-breviculum-BR.jpg\"><img loading=\"lazy\" decoding=\"async\" width=\"1024\" height=\"725\" src=\"http:\/\/aessfg.fr\/wp-content\/uploads\/2021\/09\/Cirsotrema-Circuloscala-breviculum-BR-1024x725.jpg\" alt=\"\" class=\"wp-image-578\" srcset=\"https:\/\/aessfg.fr\/wp-content\/uploads\/2021\/09\/Cirsotrema-Circuloscala-breviculum-BR-1024x725.jpg 1024w, https:\/\/aessfg.fr\/wp-content\/uploads\/2021\/09\/Cirsotrema-Circuloscala-breviculum-BR-300x212.jpg 300w, https:\/\/aessfg.fr\/wp-content\/uploads\/2021\/09\/Cirsotrema-Circuloscala-breviculum-BR-768x544.jpg 768w, https:\/\/aessfg.fr\/wp-content\/uploads\/2021\/09\/Cirsotrema-Circuloscala-breviculum-BR.jpg 1526w\" sizes=\"auto, (max-width: 1024px) 100vw, 1024px\" \/><\/a><\/figure>\n\n\n\n<figure class=\"wp-block-image size-large\"><a href=\"http:\/\/aessfg.fr\/wp-content\/uploads\/2021\/09\/Anomalorbina-nitidula-BR.jpg\"><img loading=\"lazy\" decoding=\"async\" width=\"1024\" height=\"725\" src=\"http:\/\/aessfg.fr\/wp-content\/uploads\/2021\/09\/Anomalorbina-nitidula-BR-1024x725.jpg\" alt=\"\" class=\"wp-image-579\" srcset=\"https:\/\/aessfg.fr\/wp-content\/uploads\/2021\/09\/Anomalorbina-nitidula-BR-1024x725.jpg 1024w, https:\/\/aessfg.fr\/wp-content\/uploads\/2021\/09\/Anomalorbina-nitidula-BR-300x212.jpg 300w, https:\/\/aessfg.fr\/wp-content\/uploads\/2021\/09\/Anomalorbina-nitidula-BR-768x544.jpg 768w, https:\/\/aessfg.fr\/wp-content\/uploads\/2021\/09\/Anomalorbina-nitidula-BR.jpg 1526w\" sizes=\"auto, (max-width: 1024px) 100vw, 1024px\" \/><\/a><\/figure>\n\n\n\n<figure class=\"wp-block-image size-large\"><a href=\"http:\/\/aessfg.fr\/wp-content\/uploads\/2021\/09\/Nodilittorina-guespellensis-BR.jpg\"><img loading=\"lazy\" decoding=\"async\" width=\"1024\" height=\"725\" src=\"http:\/\/aessfg.fr\/wp-content\/uploads\/2021\/09\/Nodilittorina-guespellensis-BR-1024x725.jpg\" alt=\"\" class=\"wp-image-575\" srcset=\"https:\/\/aessfg.fr\/wp-content\/uploads\/2021\/09\/Nodilittorina-guespellensis-BR-1024x725.jpg 1024w, https:\/\/aessfg.fr\/wp-content\/uploads\/2021\/09\/Nodilittorina-guespellensis-BR-300x212.jpg 300w, https:\/\/aessfg.fr\/wp-content\/uploads\/2021\/09\/Nodilittorina-guespellensis-BR-768x544.jpg 768w, https:\/\/aessfg.fr\/wp-content\/uploads\/2021\/09\/Nodilittorina-guespellensis-BR.jpg 1526w\" sizes=\"auto, (max-width: 1024px) 100vw, 1024px\" \/><\/a><\/figure>\n\n\n\n<figure class=\"wp-block-image size-large\"><a href=\"http:\/\/aessfg.fr\/wp-content\/uploads\/2021\/09\/Pseudotaphrus-cinctus-BR.jpg\"><img loading=\"lazy\" decoding=\"async\" width=\"1024\" height=\"725\" src=\"http:\/\/aessfg.fr\/wp-content\/uploads\/2021\/09\/Pseudotaphrus-cinctus-BR-1024x725.jpg\" alt=\"\" class=\"wp-image-573\" srcset=\"https:\/\/aessfg.fr\/wp-content\/uploads\/2021\/09\/Pseudotaphrus-cinctus-BR-1024x725.jpg 1024w, https:\/\/aessfg.fr\/wp-content\/uploads\/2021\/09\/Pseudotaphrus-cinctus-BR-300x212.jpg 300w, https:\/\/aessfg.fr\/wp-content\/uploads\/2021\/09\/Pseudotaphrus-cinctus-BR-768x544.jpg 768w, https:\/\/aessfg.fr\/wp-content\/uploads\/2021\/09\/Pseudotaphrus-cinctus-BR.jpg 1526w\" sizes=\"auto, (max-width: 1024px) 100vw, 1024px\" \/><\/a><\/figure>\n\n\n\n<figure class=\"wp-block-image size-large\"><a href=\"http:\/\/aessfg.fr\/wp-content\/uploads\/2021\/09\/Tuba-sculpta-attainville-BR.jpg\"><img loading=\"lazy\" decoding=\"async\" width=\"1024\" height=\"725\" src=\"http:\/\/aessfg.fr\/wp-content\/uploads\/2021\/09\/Tuba-sculpta-attainville-BR-1024x725.jpg\" alt=\"\" class=\"wp-image-572\" srcset=\"https:\/\/aessfg.fr\/wp-content\/uploads\/2021\/09\/Tuba-sculpta-attainville-BR-1024x725.jpg 1024w, https:\/\/aessfg.fr\/wp-content\/uploads\/2021\/09\/Tuba-sculpta-attainville-BR-300x212.jpg 300w, https:\/\/aessfg.fr\/wp-content\/uploads\/2021\/09\/Tuba-sculpta-attainville-BR-768x544.jpg 768w, https:\/\/aessfg.fr\/wp-content\/uploads\/2021\/09\/Tuba-sculpta-attainville-BR.jpg 1526w\" sizes=\"auto, (max-width: 1024px) 100vw, 1024px\" \/><\/a><\/figure>\n\n\n\n<figure class=\"wp-block-image size-large\"><a href=\"http:\/\/aessfg.fr\/wp-content\/uploads\/2021\/09\/Isognomon-lamarckii-BR.jpg\"><img loading=\"lazy\" decoding=\"async\" width=\"1024\" height=\"725\" src=\"http:\/\/aessfg.fr\/wp-content\/uploads\/2021\/09\/Isognomon-lamarckii-BR-1024x725.jpg\" alt=\"\" class=\"wp-image-577\" srcset=\"https:\/\/aessfg.fr\/wp-content\/uploads\/2021\/09\/Isognomon-lamarckii-BR-1024x725.jpg 1024w, https:\/\/aessfg.fr\/wp-content\/uploads\/2021\/09\/Isognomon-lamarckii-BR-300x212.jpg 300w, https:\/\/aessfg.fr\/wp-content\/uploads\/2021\/09\/Isognomon-lamarckii-BR-768x544.jpg 768w, https:\/\/aessfg.fr\/wp-content\/uploads\/2021\/09\/Isognomon-lamarckii-BR.jpg 1526w\" sizes=\"auto, (max-width: 1024px) 100vw, 1024px\" \/><\/a><\/figure>\n\n\n\n<figure class=\"wp-block-image size-large\"><a href=\"http:\/\/aessfg.fr\/wp-content\/uploads\/2021\/09\/Nemocardium-Discors-parisiense-BR.jpg\"><img loading=\"lazy\" decoding=\"async\" width=\"1024\" height=\"725\" src=\"http:\/\/aessfg.fr\/wp-content\/uploads\/2021\/09\/Nemocardium-Discors-parisiense-BR-1024x725.jpg\" alt=\"\" class=\"wp-image-576\" srcset=\"https:\/\/aessfg.fr\/wp-content\/uploads\/2021\/09\/Nemocardium-Discors-parisiense-BR-1024x725.jpg 1024w, https:\/\/aessfg.fr\/wp-content\/uploads\/2021\/09\/Nemocardium-Discors-parisiense-BR-300x212.jpg 300w, https:\/\/aessfg.fr\/wp-content\/uploads\/2021\/09\/Nemocardium-Discors-parisiense-BR-768x544.jpg 768w, https:\/\/aessfg.fr\/wp-content\/uploads\/2021\/09\/Nemocardium-Discors-parisiense-BR.jpg 1526w\" sizes=\"auto, (max-width: 1024px) 100vw, 1024px\" \/><\/a><\/figure>\n\n\n\n<figure class=\"wp-block-image size-large\"><a href=\"http:\/\/aessfg.fr\/wp-content\/uploads\/2021\/09\/Patella-raincourti-auversiensis-BR.jpg\"><img loading=\"lazy\" decoding=\"async\" width=\"1024\" height=\"725\" src=\"http:\/\/aessfg.fr\/wp-content\/uploads\/2021\/09\/Patella-raincourti-auversiensis-BR-1024x725.jpg\" alt=\"\" class=\"wp-image-574\" srcset=\"https:\/\/aessfg.fr\/wp-content\/uploads\/2021\/09\/Patella-raincourti-auversiensis-BR-1024x725.jpg 1024w, https:\/\/aessfg.fr\/wp-content\/uploads\/2021\/09\/Patella-raincourti-auversiensis-BR-300x212.jpg 300w, https:\/\/aessfg.fr\/wp-content\/uploads\/2021\/09\/Patella-raincourti-auversiensis-BR-768x544.jpg 768w, https:\/\/aessfg.fr\/wp-content\/uploads\/2021\/09\/Patella-raincourti-auversiensis-BR.jpg 1526w\" sizes=\"auto, (max-width: 1024px) 100vw, 1024px\" \/><\/a><\/figure>\n\n\n\n<figure class=\"wp-block-image size-large\"><a href=\"http:\/\/aessfg.fr\/wp-content\/uploads\/2022\/02\/2018-10-24-Carriere-Suez-Attainville-5-scaled.jpg\"><img loading=\"lazy\" decoding=\"async\" width=\"1024\" height=\"903\" src=\"http:\/\/aessfg.fr\/wp-content\/uploads\/2022\/02\/2018-10-24-Carriere-Suez-Attainville-5-1024x903.jpg\" alt=\"\" class=\"wp-image-593\" srcset=\"https:\/\/aessfg.fr\/wp-content\/uploads\/2022\/02\/2018-10-24-Carriere-Suez-Attainville-5-1024x903.jpg 1024w, https:\/\/aessfg.fr\/wp-content\/uploads\/2022\/02\/2018-10-24-Carriere-Suez-Attainville-5-300x265.jpg 300w, https:\/\/aessfg.fr\/wp-content\/uploads\/2022\/02\/2018-10-24-Carriere-Suez-Attainville-5-768x677.jpg 768w, https:\/\/aessfg.fr\/wp-content\/uploads\/2022\/02\/2018-10-24-Carriere-Suez-Attainville-5-1536x1354.jpg 1536w, https:\/\/aessfg.fr\/wp-content\/uploads\/2022\/02\/2018-10-24-Carriere-Suez-Attainville-5-2048x1806.jpg 2048w\" sizes=\"auto, (max-width: 1024px) 100vw, 1024px\" \/><\/a><figcaption>OLYMPUS DIGITAL CAMERA<\/figcaption><\/figure>\n\n\n\n<figure class=\"wp-block-image size-large\"><a href=\"http:\/\/aessfg.fr\/wp-content\/uploads\/2022\/02\/Vitularia-crassicosta.jpg\"><img loading=\"lazy\" decoding=\"async\" width=\"2400\" height=\"1300\" src=\"http:\/\/aessfg.fr\/wp-content\/uploads\/2022\/02\/Vitularia-crassicosta-edited.jpg\" alt=\"\" class=\"wp-image-596\" srcset=\"https:\/\/aessfg.fr\/wp-content\/uploads\/2022\/02\/Vitularia-crassicosta-edited.jpg 2400w, https:\/\/aessfg.fr\/wp-content\/uploads\/2022\/02\/Vitularia-crassicosta-edited-300x163.jpg 300w, https:\/\/aessfg.fr\/wp-content\/uploads\/2022\/02\/Vitularia-crassicosta-edited-1024x555.jpg 1024w, https:\/\/aessfg.fr\/wp-content\/uploads\/2022\/02\/Vitularia-crassicosta-edited-768x416.jpg 768w, https:\/\/aessfg.fr\/wp-content\/uploads\/2022\/02\/Vitularia-crassicosta-edited-1536x832.jpg 1536w, https:\/\/aessfg.fr\/wp-content\/uploads\/2022\/02\/Vitularia-crassicosta-edited-2048x1109.jpg 2048w\" sizes=\"auto, (max-width: 2400px) 100vw, 2400px\" \/><\/a><figcaption>Vitularia crassiscostata (Deshayes 1835)<\/figcaption><\/figure>\n","protected":false},"excerpt":{"rendered":"<p>Quelques images de sp\u00e9cimens r\u00e9colt\u00e9s en 2018 pour illustrer ces travaux :<\/p>\n","protected":false},"author":2,"featured_media":0,"parent":0,"menu_order":0,"comment_status":"closed","ping_status":"open","template":"","meta":{"footnotes":""},"class_list":["post-104","page","type-page","status-publish","hentry"],"_links":{"self":[{"href":"https:\/\/aessfg.fr\/index.php?rest_route=\/wp\/v2\/pages\/104","targetHints":{"allow":["GET"]}}],"collection":[{"href":"https:\/\/aessfg.fr\/index.php?rest_route=\/wp\/v2\/pages"}],"about":[{"href":"https:\/\/aessfg.fr\/index.php?rest_route=\/wp\/v2\/types\/page"}],"author":[{"embeddable":true,"href":"https:\/\/aessfg.fr\/index.php?rest_route=\/wp\/v2\/users\/2"}],"replies":[{"embeddable":true,"href":"https:\/\/aessfg.fr\/index.php?rest_route=%2Fwp%2Fv2%2Fcomments&post=104"}],"version-history":[{"count":7,"href":"https:\/\/aessfg.fr\/index.php?rest_route=\/wp\/v2\/pages\/104\/revisions"}],"predecessor-version":[{"id":597,"href":"https:\/\/aessfg.fr\/index.php?rest_route=\/wp\/v2\/pages\/104\/revisions\/597"}],"wp:attachment":[{"href":"https:\/\/aessfg.fr\/index.php?rest_route=%2Fwp%2Fv2%2Fmedia&parent=104"}],"curies":[{"name":"wp","href":"https:\/\/api.w.org\/{rel}","templated":true}]}}